{"id":27421,"date":"2025-11-24T16:29:42","date_gmt":"2025-11-24T15:29:42","guid":{"rendered":"https:\/\/stampcurio.com\/product\/1900-1932-magyarorszag-abonyi-jeno-belyegkereskedo-turul-belyegtervek-alapjan-keszitett-reklambelyeg-sorozata-a-teljes-sorozat-plusz-egy-harmascsik-osszefuggesben\/"},"modified":"2026-01-05T15:11:52","modified_gmt":"2026-01-05T14:11:52","slug":"1900-1932-magyarorszag-abonyi-jeno-belyegkereskedo-turul-belyegtervek-alapjan-keszitett-postatiszta-reklambelyeg-sorozata-a-teljes-sorozat-plusz-egy-harmascsik-osszefuggesben","status":"publish","type":"product","link":"https:\/\/stampcurio.com\/hu\/termek\/1900-1932-magyarorszag-abonyi-jeno-belyegkereskedo-turul-belyegtervek-alapjan-keszitett-postatiszta-reklambelyeg-sorozata-a-teljes-sorozat-plusz-egy-harmascsik-osszefuggesben\/","title":{"rendered":"1900 \/ 1932 Magyarorsz\u00e1g &#8211; Abonyi Jen\u0151 b\u00e9lyegkeresked\u0151 turul b\u00e9lyegtervek alapj\u00e1n k\u00e9sz\u00edtett postatiszta ** rekl\u00e1mb\u00e9lyeg sorozata. A teljes sorozat plusz egy h\u00e1rmascs\u00edk \u00f6sszef\u00fcgg\u00e9sben."},"content":{"rendered":"","protected":false},"excerpt":{"rendered":"<p>Az \u00f6sszef\u00fcgg\u00e9sek \u00e9s a teljes sorozat is nagyon ritk\u00e1n l\u00e1that\u00f3.<\/p>\n","protected":false},"featured_media":34593,"template":"","meta":[],"product_brand":[],"product_cat":[1172],"product_tag":[1669,116,1340,1377,194,1006],"class_list":{"0":"post-27421","1":"product","2":"type-product","3":"status-publish","4":"has-post-thumbnail","6":"product_cat-magyarorszag","7":"product_tag-3rd-auction","8":"product_tag-belyeg","9":"product_tag-belyegkereskedo","10":"product_tag-belyegterv","11":"product_tag-levelzaro","12":"product_tag-unsold","14":"first","15":"instock","16":"sold-individually","17":"shipping-taxable","18":"purchasable","19":"product-type-simple"},"_links":{"self":[{"href":"https:\/\/stampcurio.com\/hu\/wp-json\/wp\/v2\/product\/27421","targetHints":{"allow":["GET"]}}],"collection":[{"href":"https:\/\/stampcurio.com\/hu\/wp-json\/wp\/v2\/product"}],"about":[{"href":"https:\/\/stampcurio.com\/hu\/wp-json\/wp\/v2\/types\/product"}],"wp:featuredmedia":[{"embeddable":true,"href":"https:\/\/stampcurio.com\/hu\/wp-json\/wp\/v2\/media\/34593"}],"wp:attachment":[{"href":"https:\/\/stampcurio.com\/hu\/wp-json\/wp\/v2\/media?parent=27421"}],"wp:term":[{"taxonomy":"product_brand","embeddable":true,"href":"https:\/\/stampcurio.com\/hu\/wp-json\/wp\/v2\/product_brand?post=27421"},{"taxonomy":"product_cat","embeddable":true,"href":"https:\/\/stampcurio.com\/hu\/wp-json\/wp\/v2\/product_cat?post=27421"},{"taxonomy":"product_tag","embeddable":true,"href":"https:\/\/stampcurio.com\/hu\/wp-json\/wp\/v2\/product_tag?post=27421"}],"curies":[{"name":"wp","href":"https:\/\/api.w.org\/{rel}","templated":true}]}}