{"id":27420,"date":"2025-11-24T16:29:42","date_gmt":"2025-11-24T15:29:42","guid":{"rendered":"https:\/\/stampcurio.com\/product\/1874-magyarorszag-20-krajcar-postatiszta-b-fog-zarday-fele-probanyomat\/"},"modified":"2025-12-05T04:02:27","modified_gmt":"2025-12-05T03:02:27","slug":"1874-magyarorszag-postatiszta-20-krajcar-lila-szinben-b-115-fog-zarday-fele-probanyomat","status":"publish","type":"product","link":"https:\/\/stampcurio.com\/hu\/termek\/1874-magyarorszag-postatiszta-20-krajcar-lila-szinben-b-115-fog-zarday-fele-probanyomat\/","title":{"rendered":"1874 Magyarorsz\u00e1g &#8211; postatiszta * 20 krajc\u00e1r lila (!) sz\u00ednben, B (11,5) fog | Z\u00e1rday-f\u00e9le pr\u00f3banyomat"},"content":{"rendered":"","protected":false},"excerpt":{"rendered":"","protected":false},"featured_media":35121,"template":"","meta":[],"product_brand":[],"product_cat":[1172],"product_tag":[1669,116,390],"class_list":{"0":"post-27420","1":"product","2":"type-product","3":"status-publish","4":"has-post-thumbnail","6":"product_cat-magyarorszag","7":"product_tag-3rd-auction","8":"product_tag-belyeg","9":"product_tag-probanyomat","11":"first","12":"outofstock","13":"sold-individually","14":"shipping-taxable","15":"purchasable","16":"product-type-simple"},"_links":{"self":[{"href":"https:\/\/stampcurio.com\/hu\/wp-json\/wp\/v2\/product\/27420","targetHints":{"allow":["GET"]}}],"collection":[{"href":"https:\/\/stampcurio.com\/hu\/wp-json\/wp\/v2\/product"}],"about":[{"href":"https:\/\/stampcurio.com\/hu\/wp-json\/wp\/v2\/types\/product"}],"wp:featuredmedia":[{"embeddable":true,"href":"https:\/\/stampcurio.com\/hu\/wp-json\/wp\/v2\/media\/35121"}],"wp:attachment":[{"href":"https:\/\/stampcurio.com\/hu\/wp-json\/wp\/v2\/media?parent=27420"}],"wp:term":[{"taxonomy":"product_brand","embeddable":true,"href":"https:\/\/stampcurio.com\/hu\/wp-json\/wp\/v2\/product_brand?post=27420"},{"taxonomy":"product_cat","embeddable":true,"href":"https:\/\/stampcurio.com\/hu\/wp-json\/wp\/v2\/product_cat?post=27420"},{"taxonomy":"product_tag","embeddable":true,"href":"https:\/\/stampcurio.com\/hu\/wp-json\/wp\/v2\/product_tag?post=27420"}],"curies":[{"name":"wp","href":"https:\/\/api.w.org\/{rel}","templated":true}]}}