{"id":27419,"date":"2025-11-24T16:29:42","date_gmt":"2025-11-24T15:29:42","guid":{"rendered":"https:\/\/stampcurio.com\/product\/1853-ausztria-hirlapbelyeg-ib-tipus-francia-ujsag-kivagason-francia-szignettaval-pesth-zeitungs-exp-gudlin-800\/"},"modified":"2025-12-05T04:02:27","modified_gmt":"2025-12-05T03:02:27","slug":"1853-ausztria-hirlapbelyeg-ib-tipus-francia-ujsag-kivagason-francia-szignettaval-pesth-zeitungs-exp-belyegzessel-gudlin-800-pont-muller-85x6-pont","status":"publish","type":"product","link":"https:\/\/stampcurio.com\/hu\/termek\/1853-ausztria-hirlapbelyeg-ib-tipus-francia-ujsag-kivagason-francia-szignettaval-pesth-zeitungs-exp-belyegzessel-gudlin-800-pont-muller-85x6-pont\/","title":{"rendered":"1853 Ausztria &#8211; H\u00edrlapb\u00e9lyeg Ib t\u00edpus, francia \u00fajs\u00e1g kiv\u00e1g\u00e1son francia szignett\u00e1val, PESTH ZEITUNGS EXP. b\u00e9lyegz\u00e9ssel | Gudlin: 800 pont, M\u00fcller: 85&#215;6 pont"},"content":{"rendered":"","protected":false},"excerpt":{"rendered":"","protected":false},"featured_media":32979,"template":"","meta":[],"product_brand":[],"product_cat":[1178,1181,1172],"product_tag":[1669,116,282,1329],"class_list":{"0":"post-27419","1":"product","2":"type-product","3":"status-publish","4":"has-post-thumbnail","6":"product_cat-ausztria","7":"product_cat-franciaorszag","8":"product_cat-magyarorszag","9":"product_tag-3rd-auction","10":"product_tag-belyeg","11":"product_tag-okmanybelyeg","12":"product_tag-szignetta","14":"first","15":"outofstock","16":"sold-individually","17":"shipping-taxable","18":"purchasable","19":"product-type-simple"},"_links":{"self":[{"href":"https:\/\/stampcurio.com\/hu\/wp-json\/wp\/v2\/product\/27419","targetHints":{"allow":["GET"]}}],"collection":[{"href":"https:\/\/stampcurio.com\/hu\/wp-json\/wp\/v2\/product"}],"about":[{"href":"https:\/\/stampcurio.com\/hu\/wp-json\/wp\/v2\/types\/product"}],"wp:featuredmedia":[{"embeddable":true,"href":"https:\/\/stampcurio.com\/hu\/wp-json\/wp\/v2\/media\/32979"}],"wp:attachment":[{"href":"https:\/\/stampcurio.com\/hu\/wp-json\/wp\/v2\/media?parent=27419"}],"wp:term":[{"taxonomy":"product_brand","embeddable":true,"href":"https:\/\/stampcurio.com\/hu\/wp-json\/wp\/v2\/product_brand?post=27419"},{"taxonomy":"product_cat","embeddable":true,"href":"https:\/\/stampcurio.com\/hu\/wp-json\/wp\/v2\/product_cat?post=27419"},{"taxonomy":"product_tag","embeddable":true,"href":"https:\/\/stampcurio.com\/hu\/wp-json\/wp\/v2\/product_tag?post=27419"}],"curies":[{"name":"wp","href":"https:\/\/api.w.org\/{rel}","templated":true}]}}