{"id":27416,"date":"2025-11-24T16:29:41","date_gmt":"2025-11-24T15:29:41","guid":{"rendered":"https:\/\/stampcurio.com\/product\/1920-magyarorszag-magyar-posta-parlament-postatiszta-tevnyomatok\/"},"modified":"2025-12-05T04:02:28","modified_gmt":"2025-12-05T03:02:28","slug":"1920-magyarorszag-magyar-posta-parlament-postatiszta-belyegei-tevnyomatok","status":"publish","type":"product","link":"https:\/\/stampcurio.com\/hu\/termek\/1920-magyarorszag-magyar-posta-parlament-postatiszta-belyegei-tevnyomatok\/","title":{"rendered":"1920 Magyarorsz\u00e1g &#8211; Magyar Posta Parlament postatiszta b\u00e9lyegei &#8211; t\u00e9vnyomatok"},"content":{"rendered":"","protected":false},"excerpt":{"rendered":"<p>A fels\u0151 k\u00e9t b\u00e9lyeg jelent\u0151s sz\u00ednelt\u00e9r\u00e9ssel, a p\u00e1r k\u00f6z\u00e9pr\u00e9sz elcs\u00fasz\u00e1ssal, az 1 Koron\u00e1s \u00e9rt\u00e9k nyom\u00e1shib\u00e1val.<\/p>\n<p>Az 5 korona \u00e9rt\u00e9k **, a t\u00f6bbi *.<\/p>\n","protected":false},"featured_media":33003,"template":"","meta":[],"product_brand":[],"product_cat":[1172],"product_tag":[1669,116,217],"class_list":{"0":"post-27416","1":"product","2":"type-product","3":"status-publish","4":"has-post-thumbnail","6":"product_cat-magyarorszag","7":"product_tag-3rd-auction","8":"product_tag-belyeg","9":"product_tag-tevnyomat","11":"first","12":"outofstock","13":"sold-individually","14":"shipping-taxable","15":"purchasable","16":"product-type-simple"},"_links":{"self":[{"href":"https:\/\/stampcurio.com\/hu\/wp-json\/wp\/v2\/product\/27416","targetHints":{"allow":["GET"]}}],"collection":[{"href":"https:\/\/stampcurio.com\/hu\/wp-json\/wp\/v2\/product"}],"about":[{"href":"https:\/\/stampcurio.com\/hu\/wp-json\/wp\/v2\/types\/product"}],"wp:featuredmedia":[{"embeddable":true,"href":"https:\/\/stampcurio.com\/hu\/wp-json\/wp\/v2\/media\/33003"}],"wp:attachment":[{"href":"https:\/\/stampcurio.com\/hu\/wp-json\/wp\/v2\/media?parent=27416"}],"wp:term":[{"taxonomy":"product_brand","embeddable":true,"href":"https:\/\/stampcurio.com\/hu\/wp-json\/wp\/v2\/product_brand?post=27416"},{"taxonomy":"product_cat","embeddable":true,"href":"https:\/\/stampcurio.com\/hu\/wp-json\/wp\/v2\/product_cat?post=27416"},{"taxonomy":"product_tag","embeddable":true,"href":"https:\/\/stampcurio.com\/hu\/wp-json\/wp\/v2\/product_tag?post=27416"}],"curies":[{"name":"wp","href":"https:\/\/api.w.org\/{rel}","templated":true}]}}