{"id":27415,"date":"2025-11-24T16:29:40","date_gmt":"2025-11-24T15:29:40","guid":{"rendered":"https:\/\/stampcurio.com\/product\/1854-ausztria-lombard-velence-75-centissimi-luxus-lebelyegzes-mindket-oldalan-az-alapnyomat-ivszinatnyomataval\/"},"modified":"2025-12-05T04:02:29","modified_gmt":"2025-12-05T03:02:29","slug":"1854-ausztria-lombard-velence-75-centissimi-a-hatoldalan-az-alapnyomat-ivszinatnyomataval","status":"publish","type":"product","link":"https:\/\/stampcurio.com\/hu\/termek\/1854-ausztria-lombard-velence-75-centissimi-a-hatoldalan-az-alapnyomat-ivszinatnyomataval\/","title":{"rendered":"1854 Ausztria &#8211; Lombard-Velence 75 centissimi a h\u00e1toldal\u00e1n az alapnyomat \u00edvsz\u00edn\u00e1tnyomat\u00e1val"},"content":{"rendered":"","protected":false},"excerpt":{"rendered":"","protected":false},"featured_media":32784,"template":"","meta":[],"product_brand":[],"product_cat":[1178,1183],"product_tag":[1669,282,217],"class_list":{"0":"post-27415","1":"product","2":"type-product","3":"status-publish","4":"has-post-thumbnail","6":"product_cat-ausztria","7":"product_cat-olaszorszag","8":"product_tag-3rd-auction","9":"product_tag-okmanybelyeg","10":"product_tag-tevnyomat","12":"first","13":"outofstock","14":"sold-individually","15":"shipping-taxable","16":"purchasable","17":"product-type-simple"},"_links":{"self":[{"href":"https:\/\/stampcurio.com\/hu\/wp-json\/wp\/v2\/product\/27415","targetHints":{"allow":["GET"]}}],"collection":[{"href":"https:\/\/stampcurio.com\/hu\/wp-json\/wp\/v2\/product"}],"about":[{"href":"https:\/\/stampcurio.com\/hu\/wp-json\/wp\/v2\/types\/product"}],"wp:featuredmedia":[{"embeddable":true,"href":"https:\/\/stampcurio.com\/hu\/wp-json\/wp\/v2\/media\/32784"}],"wp:attachment":[{"href":"https:\/\/stampcurio.com\/hu\/wp-json\/wp\/v2\/media?parent=27415"}],"wp:term":[{"taxonomy":"product_brand","embeddable":true,"href":"https:\/\/stampcurio.com\/hu\/wp-json\/wp\/v2\/product_brand?post=27415"},{"taxonomy":"product_cat","embeddable":true,"href":"https:\/\/stampcurio.com\/hu\/wp-json\/wp\/v2\/product_cat?post=27415"},{"taxonomy":"product_tag","embeddable":true,"href":"https:\/\/stampcurio.com\/hu\/wp-json\/wp\/v2\/product_tag?post=27415"}],"curies":[{"name":"wp","href":"https:\/\/api.w.org\/{rel}","templated":true}]}}