{"id":27413,"date":"2025-11-24T16:29:39","date_gmt":"2025-11-24T15:29:39","guid":{"rendered":"https:\/\/stampcurio.com\/product\/1854-ausztria-lombard-velence-papirra-vizjelre-fogazatra-tipusra-nem-ellenorzott-altalanosan-jo-allapotban-levo-50-centimes-es-75-centimes-okmanybelyegek-katalogus-ar-1000-eur\/"},"modified":"2025-12-05T04:02:30","modified_gmt":"2025-12-05T03:02:30","slug":"1854-ausztria-lombard-velence-variaciokra-atnezetlen-jo-allapotban-levo-50-es-75-centimes-okmanybelyegek-cca-200-darab-katalogus-ar-1000-eur","status":"publish","type":"product","link":"https:\/\/stampcurio.com\/hu\/termek\/1854-ausztria-lombard-velence-variaciokra-atnezetlen-jo-allapotban-levo-50-es-75-centimes-okmanybelyegek-cca-200-darab-katalogus-ar-1000-eur\/","title":{"rendered":"1854 Ausztria &#8211; Lombard-Velence \u2013 vari\u00e1ci\u00f3kra \u00e1tn\u00e9zetlen j\u00f3 \u00e1llapotban l\u00e9v\u0151 50 \u00e9s 75 centimes okm\u00e1nyb\u00e9lyegek cca. 200 darab | Katal\u00f3gus \u00e1r: ~1000 EUR"},"content":{"rendered":"","protected":false},"excerpt":{"rendered":"","protected":false},"featured_media":35431,"template":"","meta":[],"product_brand":[],"product_cat":[1178,1183],"product_tag":[1669,282],"class_list":{"0":"post-27413","1":"product","2":"type-product","3":"status-publish","4":"has-post-thumbnail","6":"product_cat-ausztria","7":"product_cat-olaszorszag","8":"product_tag-3rd-auction","9":"product_tag-okmanybelyeg","11":"first","12":"outofstock","13":"sold-individually","14":"shipping-taxable","15":"purchasable","16":"product-type-simple"},"_links":{"self":[{"href":"https:\/\/stampcurio.com\/hu\/wp-json\/wp\/v2\/product\/27413","targetHints":{"allow":["GET"]}}],"collection":[{"href":"https:\/\/stampcurio.com\/hu\/wp-json\/wp\/v2\/product"}],"about":[{"href":"https:\/\/stampcurio.com\/hu\/wp-json\/wp\/v2\/types\/product"}],"wp:featuredmedia":[{"embeddable":true,"href":"https:\/\/stampcurio.com\/hu\/wp-json\/wp\/v2\/media\/35431"}],"wp:attachment":[{"href":"https:\/\/stampcurio.com\/hu\/wp-json\/wp\/v2\/media?parent=27413"}],"wp:term":[{"taxonomy":"product_brand","embeddable":true,"href":"https:\/\/stampcurio.com\/hu\/wp-json\/wp\/v2\/product_brand?post=27413"},{"taxonomy":"product_cat","embeddable":true,"href":"https:\/\/stampcurio.com\/hu\/wp-json\/wp\/v2\/product_cat?post=27413"},{"taxonomy":"product_tag","embeddable":true,"href":"https:\/\/stampcurio.com\/hu\/wp-json\/wp\/v2\/product_tag?post=27413"}],"curies":[{"name":"wp","href":"https:\/\/api.w.org\/{rel}","templated":true}]}}