{"id":27412,"date":"2025-11-24T16:29:39","date_gmt":"2025-11-24T15:29:39","guid":{"rendered":"https:\/\/stampcurio.com\/product\/1945-julius-magyarorszag-helyi-nyomtatvany-es-helyi-ajanlott-tarifahelyes-nyomtatvany-nagyon-ritka-kuldemenyfajta\/"},"modified":"2025-12-05T04:02:29","modified_gmt":"2025-12-05T03:02:29","slug":"1945-magyarorszag-helyi-nyomtatvany-es-helyi-ajanlott-tarifahelyes-nyomtatvany-nagyon-ritka-kuldemenyfajta","status":"publish","type":"product","link":"https:\/\/stampcurio.com\/hu\/termek\/1945-magyarorszag-helyi-nyomtatvany-es-helyi-ajanlott-tarifahelyes-nyomtatvany-nagyon-ritka-kuldemenyfajta\/","title":{"rendered":"1945 Magyarorsz\u00e1g &#8211; Helyi nyomtatv\u00e1ny \u00e9s helyi aj\u00e1nlott tarifahelyes nyomtatv\u00e1ny \u2013 nagyon ritka k\u00fcldem\u00e9nyfajta"},"content":{"rendered":"","protected":false},"excerpt":{"rendered":"","protected":false},"featured_media":28559,"template":"","meta":[],"product_brand":[],"product_cat":[1172],"product_tag":[1669,89],"class_list":{"0":"post-27412","1":"product","2":"type-product","3":"status-publish","4":"has-post-thumbnail","6":"product_cat-magyarorszag","7":"product_tag-3rd-auction","8":"product_tag-postatortenet","10":"first","11":"outofstock","12":"sold-individually","13":"shipping-taxable","14":"purchasable","15":"product-type-simple"},"_links":{"self":[{"href":"https:\/\/stampcurio.com\/hu\/wp-json\/wp\/v2\/product\/27412","targetHints":{"allow":["GET"]}}],"collection":[{"href":"https:\/\/stampcurio.com\/hu\/wp-json\/wp\/v2\/product"}],"about":[{"href":"https:\/\/stampcurio.com\/hu\/wp-json\/wp\/v2\/types\/product"}],"wp:featuredmedia":[{"embeddable":true,"href":"https:\/\/stampcurio.com\/hu\/wp-json\/wp\/v2\/media\/28559"}],"wp:attachment":[{"href":"https:\/\/stampcurio.com\/hu\/wp-json\/wp\/v2\/media?parent=27412"}],"wp:term":[{"taxonomy":"product_brand","embeddable":true,"href":"https:\/\/stampcurio.com\/hu\/wp-json\/wp\/v2\/product_brand?post=27412"},{"taxonomy":"product_cat","embeddable":true,"href":"https:\/\/stampcurio.com\/hu\/wp-json\/wp\/v2\/product_cat?post=27412"},{"taxonomy":"product_tag","embeddable":true,"href":"https:\/\/stampcurio.com\/hu\/wp-json\/wp\/v2\/product_tag?post=27412"}],"curies":[{"name":"wp","href":"https:\/\/api.w.org\/{rel}","templated":true}]}}