{"id":27411,"date":"2025-11-24T16:29:39","date_gmt":"2025-11-24T15:29:39","guid":{"rendered":"https:\/\/stampcurio.com\/product\/1951-magyarorszag-epuletek-i-postatiszta-kis-kepmeretu-teljes-sor-phu-30-eur\/"},"modified":"2025-12-05T04:02:29","modified_gmt":"2025-12-05T03:02:29","slug":"1951-magyarorszag-epuletek-i-postatiszta-kis-kepmeretu-teljes-sor-phu-30-eur","status":"publish","type":"product","link":"https:\/\/stampcurio.com\/hu\/termek\/1951-magyarorszag-epuletek-i-postatiszta-kis-kepmeretu-teljes-sor-phu-30-eur\/","title":{"rendered":"1951 Magyarorsz\u00e1g &#8211; \u00c9p\u00fcletek I. postatiszta ** kis k\u00e9pm\u00e9ret\u0171 teljes sor | Phu: 30 EUR"},"content":{"rendered":"","protected":false},"excerpt":{"rendered":"<p>N\u00e9h\u00e1ny \u00e9rt\u00e9ken az enyvez\u00e9s a korszakra jellemz\u0151 kis reped\u00e9sekkel.<\/p>\n","protected":false},"featured_media":33174,"template":"","meta":[],"product_brand":[],"product_cat":[1172],"product_tag":[1669,116],"class_list":{"0":"post-27411","1":"product","2":"type-product","3":"status-publish","4":"has-post-thumbnail","6":"product_cat-magyarorszag","7":"product_tag-3rd-auction","8":"product_tag-belyeg","10":"first","11":"outofstock","12":"sold-individually","13":"shipping-taxable","14":"purchasable","15":"product-type-simple"},"_links":{"self":[{"href":"https:\/\/stampcurio.com\/hu\/wp-json\/wp\/v2\/product\/27411","targetHints":{"allow":["GET"]}}],"collection":[{"href":"https:\/\/stampcurio.com\/hu\/wp-json\/wp\/v2\/product"}],"about":[{"href":"https:\/\/stampcurio.com\/hu\/wp-json\/wp\/v2\/types\/product"}],"wp:featuredmedia":[{"embeddable":true,"href":"https:\/\/stampcurio.com\/hu\/wp-json\/wp\/v2\/media\/33174"}],"wp:attachment":[{"href":"https:\/\/stampcurio.com\/hu\/wp-json\/wp\/v2\/media?parent=27411"}],"wp:term":[{"taxonomy":"product_brand","embeddable":true,"href":"https:\/\/stampcurio.com\/hu\/wp-json\/wp\/v2\/product_brand?post=27411"},{"taxonomy":"product_cat","embeddable":true,"href":"https:\/\/stampcurio.com\/hu\/wp-json\/wp\/v2\/product_cat?post=27411"},{"taxonomy":"product_tag","embeddable":true,"href":"https:\/\/stampcurio.com\/hu\/wp-json\/wp\/v2\/product_tag?post=27411"}],"curies":[{"name":"wp","href":"https:\/\/api.w.org\/{rel}","templated":true}]}}