{"id":27410,"date":"2025-11-24T16:29:38","date_gmt":"2025-11-24T15:29:38","guid":{"rendered":"https:\/\/stampcurio.com\/product\/1867-amerikai-egyesult-allamok-amerikaba-davenport-kuldott-level\/"},"modified":"2025-12-05T04:02:30","modified_gmt":"2025-12-05T03:02:30","slug":"1867-ausztria-a-magyar-teruletrol-a-felvidekrol-amerikaba-davenport-kuldott-ajanlott-level-rakovicz-inditasi-belyegzessel-szakertoi-velemeny-moritsch","status":"publish","type":"product","link":"https:\/\/stampcurio.com\/hu\/termek\/1867-ausztria-a-magyar-teruletrol-a-felvidekrol-amerikaba-davenport-kuldott-ajanlott-level-rakovicz-inditasi-belyegzessel-szakertoi-velemeny-moritsch\/","title":{"rendered":"1867 Ausztria &#8211; a magyar ter\u00fcletr\u0151l, a felvid\u00e9kr\u0151l Amerik\u00e1ba (Davenport) k\u00fcld\u00f6tt aj\u00e1nlott lev\u00e9l &#8211; RAKOVICZ ind\u00edt\u00e1si b\u00e9lyegz\u00e9ssel &#8211; Szak\u00e9rt\u0151i v\u00e9lem\u00e9ny: Moritsch"},"content":{"rendered":"","protected":false},"excerpt":{"rendered":"<p>A h\u00e1toldalon az aj\u00e1nl\u00e1si d\u00edj 1864. \u00e9vi 10 krajc\u00e1ros b\u00e9lyeggel megfizetve, a b\u00e9lyeg egyik sarka hi\u00e1nyzik. Rendk\u00edv\u00fcl ritka tengerent\u00fali lev\u00e9l!<\/p>\n<p>Az \u00e1rver\u00e9sen 2139. sz\u00e1mon tal\u00e1lhat\u00f3 a bor\u00edt\u00e9k &#8220;p\u00e1rja&#8221;, egy az USA-b\u00f3l Magyarorsz\u00e1gra k\u00fcdl\u00f6tt bor\u00edt\u00e9k, szint\u00e9n RAKOVICZ b\u00e9lyegz\u00e9ssel.<\/p>\n","protected":false},"featured_media":34757,"template":"","meta":[],"product_brand":[],"product_cat":[1204,1178,1172,1189],"product_tag":[1669,1041,176,89,1631],"class_list":{"0":"post-27410","1":"product","2":"type-product","3":"status-publish","4":"has-post-thumbnail","6":"product_cat-amerikai-egyesult-allamok","7":"product_cat-ausztria","8":"product_cat-magyarorszag","9":"product_cat-szlovakia","10":"product_tag-3rd-auction","11":"product_tag-marcophily-hu","12":"product_tag-philagem","13":"product_tag-postatortenet","14":"product_tag-pre-upu","16":"first","17":"outofstock","18":"sold-individually","19":"shipping-taxable","20":"purchasable","21":"product-type-simple"},"_links":{"self":[{"href":"https:\/\/stampcurio.com\/hu\/wp-json\/wp\/v2\/product\/27410","targetHints":{"allow":["GET"]}}],"collection":[{"href":"https:\/\/stampcurio.com\/hu\/wp-json\/wp\/v2\/product"}],"about":[{"href":"https:\/\/stampcurio.com\/hu\/wp-json\/wp\/v2\/types\/product"}],"wp:featuredmedia":[{"embeddable":true,"href":"https:\/\/stampcurio.com\/hu\/wp-json\/wp\/v2\/media\/34757"}],"wp:attachment":[{"href":"https:\/\/stampcurio.com\/hu\/wp-json\/wp\/v2\/media?parent=27410"}],"wp:term":[{"taxonomy":"product_brand","embeddable":true,"href":"https:\/\/stampcurio.com\/hu\/wp-json\/wp\/v2\/product_brand?post=27410"},{"taxonomy":"product_cat","embeddable":true,"href":"https:\/\/stampcurio.com\/hu\/wp-json\/wp\/v2\/product_cat?post=27410"},{"taxonomy":"product_tag","embeddable":true,"href":"https:\/\/stampcurio.com\/hu\/wp-json\/wp\/v2\/product_tag?post=27410"}],"curies":[{"name":"wp","href":"https:\/\/api.w.org\/{rel}","templated":true}]}}