{"id":27408,"date":"2025-11-24T16:29:37","date_gmt":"2025-11-24T15:29:37","guid":{"rendered":"https:\/\/stampcurio.com\/product\/1850-ausztria-pestrol-kuldott-level-kutzerhofba-mecklenburg-schwerin-cimezve-zeppelinnek-cimezve\/"},"modified":"2026-01-05T15:11:54","modified_gmt":"2026-01-05T14:11:54","slug":"cca-1850-ausztria-magyarorszag-pestrol-mecklenburg-schwerinba-kutzerhof-kuldott-portos-level-zeppelin-urnak-cimezve-dekorativ-atmeno-belyegzesekkel","status":"publish","type":"product","link":"https:\/\/stampcurio.com\/hu\/termek\/cca-1850-ausztria-magyarorszag-pestrol-mecklenburg-schwerinba-kutzerhof-kuldott-portos-level-zeppelin-urnak-cimezve-dekorativ-atmeno-belyegzesekkel\/","title":{"rendered":"cca. 1850 Ausztria &#8211; Magyarorsz\u00e1g &#8211; Pestr\u0151l Mecklenburg-Schwerinba (K\u00fctzerhof) k\u00fcld\u00f6tt port\u00f3s lev\u00e9l Zeppelin \u00farnak c\u00edmezve dekorat\u00edv \u00e1tmen\u0151 b\u00e9lyegz\u00e9sekkel"},"content":{"rendered":"","protected":false},"excerpt":{"rendered":"","protected":false},"featured_media":28591,"template":"","meta":[],"product_brand":[],"product_cat":[1178,1172,1175],"product_tag":[1669,1041,108,89,1006,1305],"class_list":{"0":"post-27408","1":"product","2":"type-product","3":"status-publish","4":"has-post-thumbnail","6":"product_cat-ausztria","7":"product_cat-magyarorszag","8":"product_cat-nemetorszag","9":"product_tag-3rd-auction","10":"product_tag-marcophily-hu","11":"product_tag-porto","12":"product_tag-postatortenet","13":"product_tag-unsold","14":"product_tag-vorphila","16":"first","17":"instock","18":"sold-individually","19":"shipping-taxable","20":"purchasable","21":"product-type-simple"},"_links":{"self":[{"href":"https:\/\/stampcurio.com\/hu\/wp-json\/wp\/v2\/product\/27408","targetHints":{"allow":["GET"]}}],"collection":[{"href":"https:\/\/stampcurio.com\/hu\/wp-json\/wp\/v2\/product"}],"about":[{"href":"https:\/\/stampcurio.com\/hu\/wp-json\/wp\/v2\/types\/product"}],"wp:featuredmedia":[{"embeddable":true,"href":"https:\/\/stampcurio.com\/hu\/wp-json\/wp\/v2\/media\/28591"}],"wp:attachment":[{"href":"https:\/\/stampcurio.com\/hu\/wp-json\/wp\/v2\/media?parent=27408"}],"wp:term":[{"taxonomy":"product_brand","embeddable":true,"href":"https:\/\/stampcurio.com\/hu\/wp-json\/wp\/v2\/product_brand?post=27408"},{"taxonomy":"product_cat","embeddable":true,"href":"https:\/\/stampcurio.com\/hu\/wp-json\/wp\/v2\/product_cat?post=27408"},{"taxonomy":"product_tag","embeddable":true,"href":"https:\/\/stampcurio.com\/hu\/wp-json\/wp\/v2\/product_tag?post=27408"}],"curies":[{"name":"wp","href":"https:\/\/api.w.org\/{rel}","templated":true}]}}