{"id":27406,"date":"2025-11-24T16:29:37","date_gmt":"2025-11-24T15:29:37","guid":{"rendered":"https:\/\/stampcurio.com\/product\/1872-uruguay-montevideo-bol-genovaba-kuldott-level-170-lira-olasz-portoval\/"},"modified":"2026-01-05T15:11:53","modified_gmt":"2026-01-05T14:11:53","slug":"1872-uruguay-olaszorszag-montevideo-bol-genovaba-kuldott-level-magas-170-lira-olasz-portoval","status":"publish","type":"product","link":"https:\/\/stampcurio.com\/hu\/termek\/1872-uruguay-olaszorszag-montevideo-bol-genovaba-kuldott-level-magas-170-lira-olasz-portoval\/","title":{"rendered":"1872 Uruguay &#8211; Olaszorsz\u00e1g &#8211; Montevideo-b\u00f3l Genov\u00e1ba k\u00fcld\u00f6tt lev\u00e9l magas 1,70 l\u00edra olasz port\u00f3val"},"content":{"rendered":"","protected":false},"excerpt":{"rendered":"","protected":false},"featured_media":35717,"template":"","meta":[],"product_brand":[],"product_cat":[1183,1689],"product_tag":[1669,116,176,108,89,1006],"class_list":{"0":"post-27406","1":"product","2":"type-product","3":"status-publish","4":"has-post-thumbnail","6":"product_cat-olaszorszag","7":"product_cat-uruguay","8":"product_tag-3rd-auction","9":"product_tag-belyeg","10":"product_tag-philagem","11":"product_tag-porto","12":"product_tag-postatortenet","13":"product_tag-unsold","15":"first","16":"instock","17":"sold-individually","18":"shipping-taxable","19":"purchasable","20":"product-type-simple"},"_links":{"self":[{"href":"https:\/\/stampcurio.com\/hu\/wp-json\/wp\/v2\/product\/27406","targetHints":{"allow":["GET"]}}],"collection":[{"href":"https:\/\/stampcurio.com\/hu\/wp-json\/wp\/v2\/product"}],"about":[{"href":"https:\/\/stampcurio.com\/hu\/wp-json\/wp\/v2\/types\/product"}],"wp:featuredmedia":[{"embeddable":true,"href":"https:\/\/stampcurio.com\/hu\/wp-json\/wp\/v2\/media\/35717"}],"wp:attachment":[{"href":"https:\/\/stampcurio.com\/hu\/wp-json\/wp\/v2\/media?parent=27406"}],"wp:term":[{"taxonomy":"product_brand","embeddable":true,"href":"https:\/\/stampcurio.com\/hu\/wp-json\/wp\/v2\/product_brand?post=27406"},{"taxonomy":"product_cat","embeddable":true,"href":"https:\/\/stampcurio.com\/hu\/wp-json\/wp\/v2\/product_cat?post=27406"},{"taxonomy":"product_tag","embeddable":true,"href":"https:\/\/stampcurio.com\/hu\/wp-json\/wp\/v2\/product_tag?post=27406"}],"curies":[{"name":"wp","href":"https:\/\/api.w.org\/{rel}","templated":true}]}}