{"id":27405,"date":"2025-11-24T16:29:36","date_gmt":"2025-11-24T15:29:36","guid":{"rendered":"https:\/\/stampcurio.com\/product\/1860-amerikai-egyesult-allamok-new-yorkbol-spanyolorszagba-kuldott-kuldemeny-5c-british-open-mail-rate\/"},"modified":"2026-01-05T15:11:55","modified_gmt":"2026-01-05T14:11:55","slug":"1860-amerikai-egyesult-allamok-new-yorkbol-spanyolorszagba-kuldott-kuldemeny-londoni-atmeno-belyegzessel-5c-british-open-mail-rate","status":"publish","type":"product","link":"https:\/\/stampcurio.com\/hu\/termek\/1860-amerikai-egyesult-allamok-new-yorkbol-spanyolorszagba-kuldott-kuldemeny-londoni-atmeno-belyegzessel-5c-british-open-mail-rate\/","title":{"rendered":"1860 Amerikai Egyes\u00fclt \u00c1llamok &#8211; New Yorkb\u00f3l Spanyolorsz\u00e1gba k\u00fcld\u00f6tt k\u00fcldem\u00e9ny londoni \u00e1tmen\u0151 b\u00e9lyegz\u00e9ssel, 5c British Open Mail Rate"},"content":{"rendered":"","protected":false},"excerpt":{"rendered":"","protected":false},"featured_media":28601,"template":"","meta":[],"product_brand":[],"product_cat":[1204,1186,1196],"product_tag":[1669,1041,108,89,1006],"class_list":{"0":"post-27405","1":"product","2":"type-product","3":"status-publish","4":"has-post-thumbnail","6":"product_cat-amerikai-egyesult-allamok","7":"product_cat-brit-birodalom","8":"product_cat-spanyolorszag","9":"product_tag-3rd-auction","10":"product_tag-marcophily-hu","11":"product_tag-porto","12":"product_tag-postatortenet","13":"product_tag-unsold","15":"first","16":"instock","17":"sold-individually","18":"shipping-taxable","19":"purchasable","20":"product-type-simple"},"_links":{"self":[{"href":"https:\/\/stampcurio.com\/hu\/wp-json\/wp\/v2\/product\/27405","targetHints":{"allow":["GET"]}}],"collection":[{"href":"https:\/\/stampcurio.com\/hu\/wp-json\/wp\/v2\/product"}],"about":[{"href":"https:\/\/stampcurio.com\/hu\/wp-json\/wp\/v2\/types\/product"}],"wp:featuredmedia":[{"embeddable":true,"href":"https:\/\/stampcurio.com\/hu\/wp-json\/wp\/v2\/media\/28601"}],"wp:attachment":[{"href":"https:\/\/stampcurio.com\/hu\/wp-json\/wp\/v2\/media?parent=27405"}],"wp:term":[{"taxonomy":"product_brand","embeddable":true,"href":"https:\/\/stampcurio.com\/hu\/wp-json\/wp\/v2\/product_brand?post=27405"},{"taxonomy":"product_cat","embeddable":true,"href":"https:\/\/stampcurio.com\/hu\/wp-json\/wp\/v2\/product_cat?post=27405"},{"taxonomy":"product_tag","embeddable":true,"href":"https:\/\/stampcurio.com\/hu\/wp-json\/wp\/v2\/product_tag?post=27405"}],"curies":[{"name":"wp","href":"https:\/\/api.w.org\/{rel}","templated":true}]}}