{"id":27404,"date":"2025-11-24T16:29:36","date_gmt":"2025-11-24T15:29:36","guid":{"rendered":"https:\/\/stampcurio.com\/product\/1900-magyarorszag-turul-30-filler-otoscsik-e-fog-postatiszta-teljes-csillagvizjellel-phu-360-eur-a-szolo-belyeg-ara-az-osszefugges-a-felar-nelkul\/"},"modified":"2026-01-05T15:11:54","modified_gmt":"2026-01-05T14:11:54","slug":"1900-magyarorszag-turul-30-filler-otoscsik-e-fog-teljes-csillagvizjellel-postatiszta-phu-360-eur","status":"publish","type":"product","link":"https:\/\/stampcurio.com\/hu\/termek\/1900-magyarorszag-turul-30-filler-otoscsik-e-fog-teljes-csillagvizjellel-postatiszta-phu-360-eur\/","title":{"rendered":"1900 Magyarorsz\u00e1g &#8211; Turul 30 fill\u00e9r \u00f6t\u00f6scs\u00edk \u201eE\u201d fog teljes csillagv\u00edzjellel, postatiszta **  | Phu: 360++ EUR"},"content":{"rendered":"","protected":false},"excerpt":{"rendered":"<p>A katal\u00f3gus \u00e1r az \u00f6t sz\u00f3l\u00f3 b\u00e9lyeg \u00e1ra, az \u00f6sszef\u00fcgg\u00e9s a fel\u00e1r n\u00e9lk\u00fcl.<\/p>\n","protected":false},"featured_media":33170,"template":"","meta":[],"product_brand":[],"product_cat":[1172],"product_tag":[1669,116,176,1006],"class_list":{"0":"post-27404","1":"product","2":"type-product","3":"status-publish","4":"has-post-thumbnail","6":"product_cat-magyarorszag","7":"product_tag-3rd-auction","8":"product_tag-belyeg","9":"product_tag-philagem","10":"product_tag-unsold","12":"first","13":"instock","14":"sold-individually","15":"shipping-taxable","16":"purchasable","17":"product-type-simple"},"_links":{"self":[{"href":"https:\/\/stampcurio.com\/hu\/wp-json\/wp\/v2\/product\/27404","targetHints":{"allow":["GET"]}}],"collection":[{"href":"https:\/\/stampcurio.com\/hu\/wp-json\/wp\/v2\/product"}],"about":[{"href":"https:\/\/stampcurio.com\/hu\/wp-json\/wp\/v2\/types\/product"}],"wp:featuredmedia":[{"embeddable":true,"href":"https:\/\/stampcurio.com\/hu\/wp-json\/wp\/v2\/media\/33170"}],"wp:attachment":[{"href":"https:\/\/stampcurio.com\/hu\/wp-json\/wp\/v2\/media?parent=27404"}],"wp:term":[{"taxonomy":"product_brand","embeddable":true,"href":"https:\/\/stampcurio.com\/hu\/wp-json\/wp\/v2\/product_brand?post=27404"},{"taxonomy":"product_cat","embeddable":true,"href":"https:\/\/stampcurio.com\/hu\/wp-json\/wp\/v2\/product_cat?post=27404"},{"taxonomy":"product_tag","embeddable":true,"href":"https:\/\/stampcurio.com\/hu\/wp-json\/wp\/v2\/product_tag?post=27404"}],"curies":[{"name":"wp","href":"https:\/\/api.w.org\/{rel}","templated":true}]}}