{"id":27403,"date":"2025-11-24T16:29:36","date_gmt":"2025-11-24T15:29:36","guid":{"rendered":"https:\/\/stampcurio.com\/product\/1919-magyarorszag-magyar-posta-20-f-porto-probanyomat-a-hatoldalon-az-ertekszam-gepszinatnyomataval-es-az-ertekszam-kettosnyomataval\/"},"modified":"2025-12-05T04:02:31","modified_gmt":"2025-12-05T03:02:31","slug":"1919-magyarorszag-magyar-posta-20-f-porto-probanyomat-az-ertekszam-kettosnyomataval-es-a-hatoldalon-az-ertekszam-gepszinatnyomataval","status":"publish","type":"product","link":"https:\/\/stampcurio.com\/hu\/termek\/1919-magyarorszag-magyar-posta-20-f-porto-probanyomat-az-ertekszam-kettosnyomataval-es-a-hatoldalon-az-ertekszam-gepszinatnyomataval\/","title":{"rendered":"1919 Magyarorsz\u00e1g &#8211; Magyar Posta 20 f port\u00f3 pr\u00f3banyomat az \u00e9rt\u00e9ksz\u00e1m kett\u0151snyomat\u00e1val \u00e9s a h\u00e1toldalon az \u00e9rt\u00e9ksz\u00e1m g\u00e9psz\u00edn\u00e1tnyomat\u00e1val"},"content":{"rendered":"","protected":false},"excerpt":{"rendered":"","protected":false},"featured_media":35153,"template":"","meta":[],"product_brand":[],"product_cat":[1172],"product_tag":[1669,116,108,390,217],"class_list":{"0":"post-27403","1":"product","2":"type-product","3":"status-publish","4":"has-post-thumbnail","6":"product_cat-magyarorszag","7":"product_tag-3rd-auction","8":"product_tag-belyeg","9":"product_tag-porto","10":"product_tag-probanyomat","11":"product_tag-tevnyomat","13":"first","14":"outofstock","15":"sold-individually","16":"shipping-taxable","17":"purchasable","18":"product-type-simple"},"_links":{"self":[{"href":"https:\/\/stampcurio.com\/hu\/wp-json\/wp\/v2\/product\/27403","targetHints":{"allow":["GET"]}}],"collection":[{"href":"https:\/\/stampcurio.com\/hu\/wp-json\/wp\/v2\/product"}],"about":[{"href":"https:\/\/stampcurio.com\/hu\/wp-json\/wp\/v2\/types\/product"}],"wp:featuredmedia":[{"embeddable":true,"href":"https:\/\/stampcurio.com\/hu\/wp-json\/wp\/v2\/media\/35153"}],"wp:attachment":[{"href":"https:\/\/stampcurio.com\/hu\/wp-json\/wp\/v2\/media?parent=27403"}],"wp:term":[{"taxonomy":"product_brand","embeddable":true,"href":"https:\/\/stampcurio.com\/hu\/wp-json\/wp\/v2\/product_brand?post=27403"},{"taxonomy":"product_cat","embeddable":true,"href":"https:\/\/stampcurio.com\/hu\/wp-json\/wp\/v2\/product_cat?post=27403"},{"taxonomy":"product_tag","embeddable":true,"href":"https:\/\/stampcurio.com\/hu\/wp-json\/wp\/v2\/product_tag?post=27403"}],"curies":[{"name":"wp","href":"https:\/\/api.w.org\/{rel}","templated":true}]}}