{"id":27402,"date":"2025-11-24T16:29:35","date_gmt":"2025-11-24T15:29:35","guid":{"rendered":"https:\/\/stampcurio.com\/product\/1906-magyarorszag-turul-6-filler-harmincas-tomb-melybol-28-db-postatiszta-2-db-postatiszta-a-negyedik-sor-kisebbre-az-otodik-nagyobbra-fogazva-phu-375-eur\/"},"modified":"2026-01-05T15:11:55","modified_gmt":"2026-01-05T14:11:55","slug":"1905-magyarorszag-turul-6-filler-15-s-azaz-b-fogazat-postatiszta-harmincas-tomb-b1-vizjel-allassal-a-negyedik-sor-kisebbre-az-otodik-nagyobbra-fogazva-mi-12-phu-12-465-eur","status":"publish","type":"product","link":"https:\/\/stampcurio.com\/hu\/termek\/1905-magyarorszag-turul-6-filler-15-s-azaz-b-fogazat-postatiszta-harmincas-tomb-b1-vizjel-allassal-a-negyedik-sor-kisebbre-az-otodik-nagyobbra-fogazva-mi-12-phu-12-465-eur\/","title":{"rendered":"1905 Magyarorsz\u00e1g &#8211; Turul 6 fill\u00e9r (15-s azaz B fogazat) postatiszta harmincas t\u00f6mb B1 v\u00edzjel \u00e1ll\u00e1ssal, a negyedik sor kisebbre, az \u00f6t\u00f6dik nagyobbra fogazva | Mi: 12 | Phu: 12. \/ 465++ EUR"},"content":{"rendered":"","protected":false},"excerpt":{"rendered":"<p>28 b\u00e9lyeg postatiszta** \u00e9s k\u00e9t b\u00e9lyeg postatiszta*.<\/p>\n<p>A katal\u00f3gus \u00e1r a 30 szol\u00f3 b\u00e9lyeg \u00e1ra, \u00f6sszef\u00fcgg\u00e9s fel\u00e1r n\u00e9lk\u00fcl.<\/p>\n","protected":false},"featured_media":33639,"template":"","meta":[],"product_brand":[],"product_cat":[1172],"product_tag":[1669,116,108,217,1006],"class_list":{"0":"post-27402","1":"product","2":"type-product","3":"status-publish","4":"has-post-thumbnail","6":"product_cat-magyarorszag","7":"product_tag-3rd-auction","8":"product_tag-belyeg","9":"product_tag-porto","10":"product_tag-tevnyomat","11":"product_tag-unsold","13":"first","14":"instock","15":"sold-individually","16":"shipping-taxable","17":"purchasable","18":"product-type-simple"},"_links":{"self":[{"href":"https:\/\/stampcurio.com\/hu\/wp-json\/wp\/v2\/product\/27402","targetHints":{"allow":["GET"]}}],"collection":[{"href":"https:\/\/stampcurio.com\/hu\/wp-json\/wp\/v2\/product"}],"about":[{"href":"https:\/\/stampcurio.com\/hu\/wp-json\/wp\/v2\/types\/product"}],"wp:featuredmedia":[{"embeddable":true,"href":"https:\/\/stampcurio.com\/hu\/wp-json\/wp\/v2\/media\/33639"}],"wp:attachment":[{"href":"https:\/\/stampcurio.com\/hu\/wp-json\/wp\/v2\/media?parent=27402"}],"wp:term":[{"taxonomy":"product_brand","embeddable":true,"href":"https:\/\/stampcurio.com\/hu\/wp-json\/wp\/v2\/product_brand?post=27402"},{"taxonomy":"product_cat","embeddable":true,"href":"https:\/\/stampcurio.com\/hu\/wp-json\/wp\/v2\/product_cat?post=27402"},{"taxonomy":"product_tag","embeddable":true,"href":"https:\/\/stampcurio.com\/hu\/wp-json\/wp\/v2\/product_tag?post=27402"}],"curies":[{"name":"wp","href":"https:\/\/api.w.org\/{rel}","templated":true}]}}