{"id":27399,"date":"2025-11-24T16:29:34","date_gmt":"2025-11-24T15:29:34","guid":{"rendered":"https:\/\/stampcurio.com\/product\/1867-franciaorszag-lyonbol-athenba-kuldott-portos-level-latvanyos-negyszinu-gorogroszagi-bermentesitessel\/"},"modified":"2026-01-05T15:11:55","modified_gmt":"2026-01-05T14:11:55","slug":"1867-gorogorszag-franciaorszag-lyonbol-athenba-kuldott-portos-level-latvanyos-negyszinu-gorogorszagi-bermentesitessel","status":"publish","type":"product","link":"https:\/\/stampcurio.com\/hu\/termek\/1867-gorogorszag-franciaorszag-lyonbol-athenba-kuldott-portos-level-latvanyos-negyszinu-gorogorszagi-bermentesitessel\/","title":{"rendered":"1867 G\u00f6r\u00f6gorsz\u00e1g &#8211; Franciaorsz\u00e1g &#8211; Lyonb\u00f3l Ath\u00e9nba k\u00fcld\u00f6tt port\u00f3s lev\u00e9l l\u00e1tv\u00e1nyos n\u00e9gysz\u00edn\u0171 g\u00f6r\u00f6gorsz\u00e1gi b\u00e9rmentes\u00edt\u00e9ssel"},"content":{"rendered":"","protected":false},"excerpt":{"rendered":"","protected":false},"featured_media":28607,"template":"","meta":[],"product_brand":[],"product_cat":[1181,1207],"product_tag":[1669,116,176,108,89,1006],"class_list":{"0":"post-27399","1":"product","2":"type-product","3":"status-publish","4":"has-post-thumbnail","6":"product_cat-franciaorszag","7":"product_cat-gorogorszag","8":"product_tag-3rd-auction","9":"product_tag-belyeg","10":"product_tag-philagem","11":"product_tag-porto","12":"product_tag-postatortenet","13":"product_tag-unsold","15":"first","16":"instock","17":"sold-individually","18":"shipping-taxable","19":"purchasable","20":"product-type-simple"},"_links":{"self":[{"href":"https:\/\/stampcurio.com\/hu\/wp-json\/wp\/v2\/product\/27399","targetHints":{"allow":["GET"]}}],"collection":[{"href":"https:\/\/stampcurio.com\/hu\/wp-json\/wp\/v2\/product"}],"about":[{"href":"https:\/\/stampcurio.com\/hu\/wp-json\/wp\/v2\/types\/product"}],"wp:featuredmedia":[{"embeddable":true,"href":"https:\/\/stampcurio.com\/hu\/wp-json\/wp\/v2\/media\/28607"}],"wp:attachment":[{"href":"https:\/\/stampcurio.com\/hu\/wp-json\/wp\/v2\/media?parent=27399"}],"wp:term":[{"taxonomy":"product_brand","embeddable":true,"href":"https:\/\/stampcurio.com\/hu\/wp-json\/wp\/v2\/product_brand?post=27399"},{"taxonomy":"product_cat","embeddable":true,"href":"https:\/\/stampcurio.com\/hu\/wp-json\/wp\/v2\/product_cat?post=27399"},{"taxonomy":"product_tag","embeddable":true,"href":"https:\/\/stampcurio.com\/hu\/wp-json\/wp\/v2\/product_tag?post=27399"}],"curies":[{"name":"wp","href":"https:\/\/api.w.org\/{rel}","templated":true}]}}