{"id":27397,"date":"2025-11-24T16:29:29","date_gmt":"2025-11-24T15:29:29","guid":{"rendered":"https:\/\/stampcurio.com\/product\/1853-magyarorszag-pestrol-kisvardara-kuldott-level-tertivevenye-tobb-atmeno-belyegzovel-a-6-kr-belyeg-sarka-hianyzik-kuldemenyrol-valo-letepes\/"},"modified":"2025-12-05T04:02:34","modified_gmt":"2025-12-05T03:02:34","slug":"1853-ausztria-magyarorszag-pestrol-kisvardara-kuldott-level-tertivevenye-tobb-atmeno-belyegzovel","status":"publish","type":"product","link":"https:\/\/stampcurio.com\/hu\/termek\/1853-ausztria-magyarorszag-pestrol-kisvardara-kuldott-level-tertivevenye-tobb-atmeno-belyegzovel\/","title":{"rendered":"1853 Ausztria &#8211; Magyarorsz\u00e1g &#8211; Pestr\u0151l Kisv\u00e1rd\u00e1ra k\u00fcld\u00f6tt lev\u00e9l t\u00e9rtivev\u00e9nye t\u00f6bb \u00e1tmen\u0151 b\u00e9lyegz\u0151vel."},"content":{"rendered":"","protected":false},"excerpt":{"rendered":"<p>A t\u00e9rtivev\u00e9ny a k\u00fcldem\u00e9nyr\u0151l t\u00f6rt\u00e9n\u0151 let\u00e9p\u00e9sekor sajnos a 6 kr b\u00e9lyeg sarka is leszakadt<\/p>\n","protected":false},"featured_media":28613,"template":"","meta":[],"product_brand":[],"product_cat":[1178,1172],"product_tag":[1669,1041,89],"class_list":{"0":"post-27397","1":"product","2":"type-product","3":"status-publish","4":"has-post-thumbnail","6":"product_cat-ausztria","7":"product_cat-magyarorszag","8":"product_tag-3rd-auction","9":"product_tag-marcophily-hu","10":"product_tag-postatortenet","12":"first","13":"outofstock","14":"sold-individually","15":"shipping-taxable","16":"purchasable","17":"product-type-simple"},"_links":{"self":[{"href":"https:\/\/stampcurio.com\/hu\/wp-json\/wp\/v2\/product\/27397","targetHints":{"allow":["GET"]}}],"collection":[{"href":"https:\/\/stampcurio.com\/hu\/wp-json\/wp\/v2\/product"}],"about":[{"href":"https:\/\/stampcurio.com\/hu\/wp-json\/wp\/v2\/types\/product"}],"wp:featuredmedia":[{"embeddable":true,"href":"https:\/\/stampcurio.com\/hu\/wp-json\/wp\/v2\/media\/28613"}],"wp:attachment":[{"href":"https:\/\/stampcurio.com\/hu\/wp-json\/wp\/v2\/media?parent=27397"}],"wp:term":[{"taxonomy":"product_brand","embeddable":true,"href":"https:\/\/stampcurio.com\/hu\/wp-json\/wp\/v2\/product_brand?post=27397"},{"taxonomy":"product_cat","embeddable":true,"href":"https:\/\/stampcurio.com\/hu\/wp-json\/wp\/v2\/product_cat?post=27397"},{"taxonomy":"product_tag","embeddable":true,"href":"https:\/\/stampcurio.com\/hu\/wp-json\/wp\/v2\/product_tag?post=27397"}],"curies":[{"name":"wp","href":"https:\/\/api.w.org\/{rel}","templated":true}]}}