{"id":27394,"date":"2025-11-24T16:29:28","date_gmt":"2025-11-24T15:29:28","guid":{"rendered":"https:\/\/stampcurio.com\/product\/1936-magyarorszag-tuskevar-luxus-lebelyegzes-classohn-hagyatekbol\/"},"modified":"2026-01-05T15:11:56","modified_gmt":"2026-01-05T14:11:56","slug":"1936-magyarorszag-tuskevar-luxus-lebelyegzes-klassohn-hagyatekbol","status":"publish","type":"product","link":"https:\/\/stampcurio.com\/hu\/termek\/1936-magyarorszag-tuskevar-luxus-lebelyegzes-klassohn-hagyatekbol\/","title":{"rendered":"1936 Magyarorsz\u00e1g &#8211; T\u00fcskev\u00e1r luxus leb\u00e9lyegz\u00e9s \u2013 Klassohn hagyat\u00e9kb\u00f3l"},"content":{"rendered":"","protected":false},"excerpt":{"rendered":"","protected":false},"featured_media":33023,"template":"","meta":[],"product_brand":[],"product_cat":[1172],"product_tag":[1669,1041,1006],"class_list":{"0":"post-27394","1":"product","2":"type-product","3":"status-publish","4":"has-post-thumbnail","6":"product_cat-magyarorszag","7":"product_tag-3rd-auction","8":"product_tag-marcophily-hu","9":"product_tag-unsold","11":"first","12":"instock","13":"sold-individually","14":"shipping-taxable","15":"purchasable","16":"product-type-simple"},"_links":{"self":[{"href":"https:\/\/stampcurio.com\/hu\/wp-json\/wp\/v2\/product\/27394","targetHints":{"allow":["GET"]}}],"collection":[{"href":"https:\/\/stampcurio.com\/hu\/wp-json\/wp\/v2\/product"}],"about":[{"href":"https:\/\/stampcurio.com\/hu\/wp-json\/wp\/v2\/types\/product"}],"wp:featuredmedia":[{"embeddable":true,"href":"https:\/\/stampcurio.com\/hu\/wp-json\/wp\/v2\/media\/33023"}],"wp:attachment":[{"href":"https:\/\/stampcurio.com\/hu\/wp-json\/wp\/v2\/media?parent=27394"}],"wp:term":[{"taxonomy":"product_brand","embeddable":true,"href":"https:\/\/stampcurio.com\/hu\/wp-json\/wp\/v2\/product_brand?post=27394"},{"taxonomy":"product_cat","embeddable":true,"href":"https:\/\/stampcurio.com\/hu\/wp-json\/wp\/v2\/product_cat?post=27394"},{"taxonomy":"product_tag","embeddable":true,"href":"https:\/\/stampcurio.com\/hu\/wp-json\/wp\/v2\/product_tag?post=27394"}],"curies":[{"name":"wp","href":"https:\/\/api.w.org\/{rel}","templated":true}]}}