{"id":27393,"date":"2025-11-24T16:29:28","date_gmt":"2025-11-24T15:29:28","guid":{"rendered":"https:\/\/stampcurio.com\/product\/1898-magyarorszag-peterdi-csinalmany-hajoposta-kivagas-vagott-1-2-krajcaros-belyegekkel\/"},"modified":"2026-01-08T11:39:53","modified_gmt":"2026-01-08T10:39:53","slug":"1898-magyarorszag-peterdi-hajoposta-kivagas-rajta-vagott-1-es-2-krajcaros-belyegekkel-olasz-belyegzessel-messina","status":"publish","type":"product","link":"https:\/\/stampcurio.com\/hu\/termek\/1898-magyarorszag-peterdi-hajoposta-kivagas-rajta-vagott-1-es-2-krajcaros-belyegekkel-olasz-belyegzessel-messina\/","title":{"rendered":"1898 Magyarorsz\u00e1g &#8211; Peterdi haj\u00f3posta kiv\u00e1g\u00e1s rajta v\u00e1gott 1 \u00e9s 2 krajc\u00e1ros b\u00e9lyegekkel olasz b\u00e9lyegz\u00e9ssel (Messina)"},"content":{"rendered":"","protected":false},"excerpt":{"rendered":"<p>Term\u00e9szetesen a b\u00e9lyegek is Peterdi csin\u00e1lm\u00e1nyok.<\/p>\n","protected":false},"featured_media":33027,"template":"","meta":[],"product_brand":[],"product_cat":[1172,1183],"product_tag":[1669,116,1041],"class_list":{"0":"post-27393","1":"product","2":"type-product","3":"status-publish","4":"has-post-thumbnail","6":"product_cat-magyarorszag","7":"product_cat-olaszorszag","8":"product_tag-3rd-auction","9":"product_tag-belyeg","10":"product_tag-marcophily-hu","12":"first","13":"outofstock","14":"sold-individually","15":"shipping-taxable","16":"purchasable","17":"product-type-simple"},"_links":{"self":[{"href":"https:\/\/stampcurio.com\/hu\/wp-json\/wp\/v2\/product\/27393","targetHints":{"allow":["GET"]}}],"collection":[{"href":"https:\/\/stampcurio.com\/hu\/wp-json\/wp\/v2\/product"}],"about":[{"href":"https:\/\/stampcurio.com\/hu\/wp-json\/wp\/v2\/types\/product"}],"wp:featuredmedia":[{"embeddable":true,"href":"https:\/\/stampcurio.com\/hu\/wp-json\/wp\/v2\/media\/33027"}],"wp:attachment":[{"href":"https:\/\/stampcurio.com\/hu\/wp-json\/wp\/v2\/media?parent=27393"}],"wp:term":[{"taxonomy":"product_brand","embeddable":true,"href":"https:\/\/stampcurio.com\/hu\/wp-json\/wp\/v2\/product_brand?post=27393"},{"taxonomy":"product_cat","embeddable":true,"href":"https:\/\/stampcurio.com\/hu\/wp-json\/wp\/v2\/product_cat?post=27393"},{"taxonomy":"product_tag","embeddable":true,"href":"https:\/\/stampcurio.com\/hu\/wp-json\/wp\/v2\/product_tag?post=27393"}],"curies":[{"name":"wp","href":"https:\/\/api.w.org\/{rel}","templated":true}]}}