{"id":27391,"date":"2025-11-24T16:29:27","date_gmt":"2025-11-24T15:29:27","guid":{"rendered":"https:\/\/stampcurio.com\/product\/1857-ausztria-levante-bukaresti-konzulatusi-postarol-parizsba-kuldott-level-hatoldalon-elmosodott-kolera-fertotlenito-allomas-belyegzovel\/"},"modified":"2026-01-07T14:12:09","modified_gmt":"2026-01-07T13:12:09","slug":"1857-ausztria-levante-bukaresti-konzulatusi-postarol-parizsba-kuldott-level-hatoldalon-elmosodott-kolera-fertotlenito-allomas-belyegzovel","status":"publish","type":"product","link":"https:\/\/stampcurio.com\/hu\/termek\/1857-ausztria-levante-bukaresti-konzulatusi-postarol-parizsba-kuldott-level-hatoldalon-elmosodott-kolera-fertotlenito-allomas-belyegzovel\/","title":{"rendered":"1857 Ausztria &#8211; Levante bukaresti konzul\u00e1tusi post\u00e1r\u00f3l P\u00e1rizsba k\u00fcld\u00f6tt lev\u00e9l, h\u00e1toldalon elmos\u00f3dott kolera fert\u0151tlen\u00edt\u0151 \u00e1llom\u00e1s b\u00e9lyegz\u0151vel"},"content":{"rendered":"","protected":false},"excerpt":{"rendered":"","protected":false},"featured_media":28619,"template":"","meta":[],"product_brand":[],"product_cat":[1178,1181,1208],"product_tag":[1669,127,1041,108,89],"class_list":{"0":"post-27391","1":"product","2":"type-product","3":"status-publish","4":"has-post-thumbnail","6":"product_cat-ausztria","7":"product_cat-franciaorszag","8":"product_cat-romania","9":"product_tag-3rd-auction","10":"product_tag-konzulatusi-posta","11":"product_tag-marcophily-hu","12":"product_tag-porto","13":"product_tag-postatortenet","15":"first","16":"outofstock","17":"sold-individually","18":"shipping-taxable","19":"purchasable","20":"product-type-simple"},"_links":{"self":[{"href":"https:\/\/stampcurio.com\/hu\/wp-json\/wp\/v2\/product\/27391","targetHints":{"allow":["GET"]}}],"collection":[{"href":"https:\/\/stampcurio.com\/hu\/wp-json\/wp\/v2\/product"}],"about":[{"href":"https:\/\/stampcurio.com\/hu\/wp-json\/wp\/v2\/types\/product"}],"wp:featuredmedia":[{"embeddable":true,"href":"https:\/\/stampcurio.com\/hu\/wp-json\/wp\/v2\/media\/28619"}],"wp:attachment":[{"href":"https:\/\/stampcurio.com\/hu\/wp-json\/wp\/v2\/media?parent=27391"}],"wp:term":[{"taxonomy":"product_brand","embeddable":true,"href":"https:\/\/stampcurio.com\/hu\/wp-json\/wp\/v2\/product_brand?post=27391"},{"taxonomy":"product_cat","embeddable":true,"href":"https:\/\/stampcurio.com\/hu\/wp-json\/wp\/v2\/product_cat?post=27391"},{"taxonomy":"product_tag","embeddable":true,"href":"https:\/\/stampcurio.com\/hu\/wp-json\/wp\/v2\/product_tag?post=27391"}],"curies":[{"name":"wp","href":"https:\/\/api.w.org\/{rel}","templated":true}]}}