{"id":27390,"date":"2025-11-24T16:29:27","date_gmt":"2025-11-24T15:29:27","guid":{"rendered":"https:\/\/stampcurio.com\/product\/1945-olaszorszag-convegno-philatelico-nazionale-venezia-felulnyomott-cinderella-postatiszta-tizestombben\/"},"modified":"2025-12-05T04:02:35","modified_gmt":"2025-12-05T03:02:35","slug":"1945-olaszorszag-convegno-philatelico-nazionale-venezia-felulnyomott-postatiszta-tizestomb","status":"publish","type":"product","link":"https:\/\/stampcurio.com\/hu\/termek\/1945-olaszorszag-convegno-philatelico-nazionale-venezia-felulnyomott-postatiszta-tizestomb\/","title":{"rendered":"1945 Olaszorsz\u00e1g &#8211; Convegno Philatelico Nazionale Venezia fel\u00fclnyomott postatiszta ** tizest\u00f6mb"},"content":{"rendered":"","protected":false},"excerpt":{"rendered":"","protected":false},"featured_media":33031,"template":"","meta":[],"product_brand":[],"product_cat":[1183],"product_tag":[1669,116,194],"class_list":{"0":"post-27390","1":"product","2":"type-product","3":"status-publish","4":"has-post-thumbnail","6":"product_cat-olaszorszag","7":"product_tag-3rd-auction","8":"product_tag-belyeg","9":"product_tag-levelzaro","11":"first","12":"outofstock","13":"sold-individually","14":"shipping-taxable","15":"purchasable","16":"product-type-simple"},"_links":{"self":[{"href":"https:\/\/stampcurio.com\/hu\/wp-json\/wp\/v2\/product\/27390","targetHints":{"allow":["GET"]}}],"collection":[{"href":"https:\/\/stampcurio.com\/hu\/wp-json\/wp\/v2\/product"}],"about":[{"href":"https:\/\/stampcurio.com\/hu\/wp-json\/wp\/v2\/types\/product"}],"wp:featuredmedia":[{"embeddable":true,"href":"https:\/\/stampcurio.com\/hu\/wp-json\/wp\/v2\/media\/33031"}],"wp:attachment":[{"href":"https:\/\/stampcurio.com\/hu\/wp-json\/wp\/v2\/media?parent=27390"}],"wp:term":[{"taxonomy":"product_brand","embeddable":true,"href":"https:\/\/stampcurio.com\/hu\/wp-json\/wp\/v2\/product_brand?post=27390"},{"taxonomy":"product_cat","embeddable":true,"href":"https:\/\/stampcurio.com\/hu\/wp-json\/wp\/v2\/product_cat?post=27390"},{"taxonomy":"product_tag","embeddable":true,"href":"https:\/\/stampcurio.com\/hu\/wp-json\/wp\/v2\/product_tag?post=27390"}],"curies":[{"name":"wp","href":"https:\/\/api.w.org\/{rel}","templated":true}]}}