{"id":27388,"date":"2025-11-24T16:29:26","date_gmt":"2025-11-24T15:29:26","guid":{"rendered":"https:\/\/stampcurio.com\/product\/1950-magyarorszag-repulo-probanyomatok-20-filler-30-filler-3-ft-160-ft-2-ft-5-ft-az-ertekek-sokszor-egymasra-nyomtatva\/"},"modified":"2026-01-05T15:11:58","modified_gmt":"2026-01-05T14:11:58","slug":"1950-magyarorszag-repulo-v-probanyomatok-20-filler-30-filler-3-ft-160-ft-2-ft-5-ft-az-ertekek-sokszor-egymasra-nyomtatva","status":"publish","type":"product","link":"https:\/\/stampcurio.com\/hu\/termek\/1950-magyarorszag-repulo-v-probanyomatok-20-filler-30-filler-3-ft-160-ft-2-ft-5-ft-az-ertekek-sokszor-egymasra-nyomtatva\/","title":{"rendered":"1950 Magyarorsz\u00e1g &#8211; Rep\u00fcl\u0151 V. pr\u00f3banyomatok 20 fill\u00e9r, 30 fill\u00e9r, 3 Ft, 1,60 Ft, 2 Ft, 5 Ft \u2013 az \u00e9rt\u00e9kek sokszor egym\u00e1sra nyomtatva"},"content":{"rendered":"","protected":false},"excerpt":{"rendered":"","protected":false},"featured_media":33035,"template":"","meta":[],"product_brand":[],"product_cat":[1172],"product_tag":[1669,116,115,390,1006],"class_list":{"0":"post-27388","1":"product","2":"type-product","3":"status-publish","4":"has-post-thumbnail","6":"product_cat-magyarorszag","7":"product_tag-3rd-auction","8":"product_tag-belyeg","9":"product_tag-legiposta","10":"product_tag-probanyomat","11":"product_tag-unsold","13":"first","14":"instock","15":"sold-individually","16":"shipping-taxable","17":"purchasable","18":"product-type-simple"},"_links":{"self":[{"href":"https:\/\/stampcurio.com\/hu\/wp-json\/wp\/v2\/product\/27388","targetHints":{"allow":["GET"]}}],"collection":[{"href":"https:\/\/stampcurio.com\/hu\/wp-json\/wp\/v2\/product"}],"about":[{"href":"https:\/\/stampcurio.com\/hu\/wp-json\/wp\/v2\/types\/product"}],"wp:featuredmedia":[{"embeddable":true,"href":"https:\/\/stampcurio.com\/hu\/wp-json\/wp\/v2\/media\/33035"}],"wp:attachment":[{"href":"https:\/\/stampcurio.com\/hu\/wp-json\/wp\/v2\/media?parent=27388"}],"wp:term":[{"taxonomy":"product_brand","embeddable":true,"href":"https:\/\/stampcurio.com\/hu\/wp-json\/wp\/v2\/product_brand?post=27388"},{"taxonomy":"product_cat","embeddable":true,"href":"https:\/\/stampcurio.com\/hu\/wp-json\/wp\/v2\/product_cat?post=27388"},{"taxonomy":"product_tag","embeddable":true,"href":"https:\/\/stampcurio.com\/hu\/wp-json\/wp\/v2\/product_tag?post=27388"}],"curies":[{"name":"wp","href":"https:\/\/api.w.org\/{rel}","templated":true}]}}