{"id":27387,"date":"2025-11-24T16:29:25","date_gmt":"2025-11-24T15:29:25","guid":{"rendered":"https:\/\/stampcurio.com\/product\/1946-magyarorszag-budapestrol-dombovarra-kuldtt-portokoteles-nyomtatvany-dombovari-porto-provizoriummal-es-elkoltozott-ragjeggyel-vissza-budapestre\/"},"modified":"2026-01-05T15:11:59","modified_gmt":"2026-01-05T14:11:59","slug":"1946-magyarorszag-budapestrol-dombovarra-kuldtt-portokoteles-nyomtatvany-dombovari-porto-provizoriummal-es-elkoltozott-ragjeggyel-vissza-budapestre","status":"publish","type":"product","link":"https:\/\/stampcurio.com\/hu\/termek\/1946-magyarorszag-budapestrol-dombovarra-kuldtt-portokoteles-nyomtatvany-dombovari-porto-provizoriummal-es-elkoltozott-ragjeggyel-vissza-budapestre\/","title":{"rendered":"1946 Magyarorsz\u00e1g &#8211; Budapestr\u0151l Domb\u00f3v\u00e1rra k\u00fcldtt port\u00f3k\u00f6teles nyomtatv\u00e1ny domb\u00f3v\u00e1ri port\u00f3 proviz\u00f3riummal, \u00e9s \u201eElk\u00f6lt\u00f6z\u00f6tt\u201d ragjeggyel vissza Budapestre"},"content":{"rendered":"","protected":false},"excerpt":{"rendered":"","protected":false},"featured_media":28603,"template":"","meta":[],"product_brand":[],"product_cat":[1172],"product_tag":[1669,108,89,256,1006],"class_list":{"0":"post-27387","1":"product","2":"type-product","3":"status-publish","4":"has-post-thumbnail","6":"product_cat-magyarorszag","7":"product_tag-3rd-auction","8":"product_tag-porto","9":"product_tag-postatortenet","10":"product_tag-provizorium","11":"product_tag-unsold","13":"first","14":"instock","15":"sold-individually","16":"shipping-taxable","17":"purchasable","18":"product-type-simple"},"_links":{"self":[{"href":"https:\/\/stampcurio.com\/hu\/wp-json\/wp\/v2\/product\/27387","targetHints":{"allow":["GET"]}}],"collection":[{"href":"https:\/\/stampcurio.com\/hu\/wp-json\/wp\/v2\/product"}],"about":[{"href":"https:\/\/stampcurio.com\/hu\/wp-json\/wp\/v2\/types\/product"}],"wp:featuredmedia":[{"embeddable":true,"href":"https:\/\/stampcurio.com\/hu\/wp-json\/wp\/v2\/media\/28603"}],"wp:attachment":[{"href":"https:\/\/stampcurio.com\/hu\/wp-json\/wp\/v2\/media?parent=27387"}],"wp:term":[{"taxonomy":"product_brand","embeddable":true,"href":"https:\/\/stampcurio.com\/hu\/wp-json\/wp\/v2\/product_brand?post=27387"},{"taxonomy":"product_cat","embeddable":true,"href":"https:\/\/stampcurio.com\/hu\/wp-json\/wp\/v2\/product_cat?post=27387"},{"taxonomy":"product_tag","embeddable":true,"href":"https:\/\/stampcurio.com\/hu\/wp-json\/wp\/v2\/product_tag?post=27387"}],"curies":[{"name":"wp","href":"https:\/\/api.w.org\/{rel}","templated":true}]}}