{"id":27386,"date":"2025-11-24T16:29:25","date_gmt":"2025-11-24T15:29:25","guid":{"rendered":"https:\/\/stampcurio.com\/product\/1945-magyarorszag-hodmezovasarhely-tavolsagi-level-szukseg-ajanlott-ragjeggyel\/"},"modified":"2026-01-05T15:11:58","modified_gmt":"2026-01-05T14:11:58","slug":"1945-magyarorszag-hodmezovasarhely-tavolsagi-level-provizorikus-ajanlott-ragjeggyel","status":"publish","type":"product","link":"https:\/\/stampcurio.com\/hu\/termek\/1945-magyarorszag-hodmezovasarhely-tavolsagi-level-provizorikus-ajanlott-ragjeggyel\/","title":{"rendered":"1945 Magyarorsz\u00e1g &#8211; H\u00d3DMEZ\u0150V\u00c1S\u00c1RHELY t\u00e1vols\u00e1gi lev\u00e9l proviz\u00f3rikus aj\u00e1nlott ragjeggyel"},"content":{"rendered":"","protected":false},"excerpt":{"rendered":"","protected":false},"featured_media":28929,"template":"","meta":[],"product_brand":[],"product_cat":[1172],"product_tag":[1669,89,256,405,1006],"class_list":{"0":"post-27386","1":"product","2":"type-product","3":"status-publish","4":"has-post-thumbnail","6":"product_cat-magyarorszag","7":"product_tag-3rd-auction","8":"product_tag-postatortenet","9":"product_tag-provizorium","10":"product_tag-ragjegy","11":"product_tag-unsold","13":"first","14":"instock","15":"sold-individually","16":"shipping-taxable","17":"purchasable","18":"product-type-simple"},"_links":{"self":[{"href":"https:\/\/stampcurio.com\/hu\/wp-json\/wp\/v2\/product\/27386","targetHints":{"allow":["GET"]}}],"collection":[{"href":"https:\/\/stampcurio.com\/hu\/wp-json\/wp\/v2\/product"}],"about":[{"href":"https:\/\/stampcurio.com\/hu\/wp-json\/wp\/v2\/types\/product"}],"wp:featuredmedia":[{"embeddable":true,"href":"https:\/\/stampcurio.com\/hu\/wp-json\/wp\/v2\/media\/28929"}],"wp:attachment":[{"href":"https:\/\/stampcurio.com\/hu\/wp-json\/wp\/v2\/media?parent=27386"}],"wp:term":[{"taxonomy":"product_brand","embeddable":true,"href":"https:\/\/stampcurio.com\/hu\/wp-json\/wp\/v2\/product_brand?post=27386"},{"taxonomy":"product_cat","embeddable":true,"href":"https:\/\/stampcurio.com\/hu\/wp-json\/wp\/v2\/product_cat?post=27386"},{"taxonomy":"product_tag","embeddable":true,"href":"https:\/\/stampcurio.com\/hu\/wp-json\/wp\/v2\/product_tag?post=27386"}],"curies":[{"name":"wp","href":"https:\/\/api.w.org\/{rel}","templated":true}]}}