{"id":27384,"date":"2025-11-24T16:29:24","date_gmt":"2025-11-24T15:29:24","guid":{"rendered":"https:\/\/stampcurio.com\/product\/1858-ausztria-9-kr-i-tipus-p264-sissek-belyegzes-signed\/"},"modified":"2025-12-05T04:02:37","modified_gmt":"2025-12-05T03:02:37","slug":"1858-ausztria-9-kr-i-tipus-p264-ivhely-sissek-belyegzes-signed-voetter","status":"publish","type":"product","link":"https:\/\/stampcurio.com\/hu\/termek\/1858-ausztria-9-kr-i-tipus-p264-ivhely-sissek-belyegzes-signed-voetter\/","title":{"rendered":"1858 Ausztria &#8211; 9 kr I. t\u00edpus P264 \u00edvhely &#8211; SISSEK b\u00e9lyegz\u00e9s | signed: Voetter"},"content":{"rendered":"","protected":false},"excerpt":{"rendered":"","protected":false},"featured_media":35187,"template":"","meta":[],"product_brand":[],"product_cat":[1178,1192,1172],"product_tag":[1669,116],"class_list":{"0":"post-27384","1":"product","2":"type-product","3":"status-publish","4":"has-post-thumbnail","6":"product_cat-ausztria","7":"product_cat-horvatorszag","8":"product_cat-magyarorszag","9":"product_tag-3rd-auction","10":"product_tag-belyeg","12":"first","13":"outofstock","14":"sold-individually","15":"shipping-taxable","16":"purchasable","17":"product-type-simple"},"_links":{"self":[{"href":"https:\/\/stampcurio.com\/hu\/wp-json\/wp\/v2\/product\/27384","targetHints":{"allow":["GET"]}}],"collection":[{"href":"https:\/\/stampcurio.com\/hu\/wp-json\/wp\/v2\/product"}],"about":[{"href":"https:\/\/stampcurio.com\/hu\/wp-json\/wp\/v2\/types\/product"}],"wp:featuredmedia":[{"embeddable":true,"href":"https:\/\/stampcurio.com\/hu\/wp-json\/wp\/v2\/media\/35187"}],"wp:attachment":[{"href":"https:\/\/stampcurio.com\/hu\/wp-json\/wp\/v2\/media?parent=27384"}],"wp:term":[{"taxonomy":"product_brand","embeddable":true,"href":"https:\/\/stampcurio.com\/hu\/wp-json\/wp\/v2\/product_brand?post=27384"},{"taxonomy":"product_cat","embeddable":true,"href":"https:\/\/stampcurio.com\/hu\/wp-json\/wp\/v2\/product_cat?post=27384"},{"taxonomy":"product_tag","embeddable":true,"href":"https:\/\/stampcurio.com\/hu\/wp-json\/wp\/v2\/product_tag?post=27384"}],"curies":[{"name":"wp","href":"https:\/\/api.w.org\/{rel}","templated":true}]}}