{"id":27382,"date":"2025-11-24T16:29:23","date_gmt":"2025-11-24T15:29:23","guid":{"rendered":"https:\/\/stampcurio.com\/product\/1918-magyarorszag-marpod-postaugynokseg-belyegzes-kek-lila-pu-r\/"},"modified":"2025-12-05T04:02:38","modified_gmt":"2025-12-05T03:02:38","slug":"1918-magyarorszag-marpod-postaugynokseg-belyegzes-lila-pu-csak-kekben-ismeri-de-az-is-r-azaz-ritka-jelolest-kapott","status":"publish","type":"product","link":"https:\/\/stampcurio.com\/hu\/termek\/1918-magyarorszag-marpod-postaugynokseg-belyegzes-lila-pu-csak-kekben-ismeri-de-az-is-r-azaz-ritka-jelolest-kapott\/","title":{"rendered":"1918 Magyarorsz\u00e1g &#8211; MARPOD posta\u00fcgyn\u00f6ks\u00e9g b\u00e9lyegz\u00e9s lila (!) | P\u00dc csak k\u00e9kben ismeri, de az is &#8220;R&#8221; azaz ritka jel\u00f6l\u00e9st kapott"},"content":{"rendered":"","protected":false},"excerpt":{"rendered":"","protected":false},"featured_media":28583,"template":"","meta":[],"product_brand":[],"product_cat":[1172,1208],"product_tag":[1669,1041,1269],"class_list":{"0":"post-27382","1":"product","2":"type-product","3":"status-publish","4":"has-post-thumbnail","6":"product_cat-magyarorszag","7":"product_cat-romania","8":"product_tag-3rd-auction","9":"product_tag-marcophily-hu","10":"product_tag-postaugynokseg","12":"first","13":"outofstock","14":"sold-individually","15":"shipping-taxable","16":"purchasable","17":"product-type-simple"},"_links":{"self":[{"href":"https:\/\/stampcurio.com\/hu\/wp-json\/wp\/v2\/product\/27382","targetHints":{"allow":["GET"]}}],"collection":[{"href":"https:\/\/stampcurio.com\/hu\/wp-json\/wp\/v2\/product"}],"about":[{"href":"https:\/\/stampcurio.com\/hu\/wp-json\/wp\/v2\/types\/product"}],"wp:featuredmedia":[{"embeddable":true,"href":"https:\/\/stampcurio.com\/hu\/wp-json\/wp\/v2\/media\/28583"}],"wp:attachment":[{"href":"https:\/\/stampcurio.com\/hu\/wp-json\/wp\/v2\/media?parent=27382"}],"wp:term":[{"taxonomy":"product_brand","embeddable":true,"href":"https:\/\/stampcurio.com\/hu\/wp-json\/wp\/v2\/product_brand?post=27382"},{"taxonomy":"product_cat","embeddable":true,"href":"https:\/\/stampcurio.com\/hu\/wp-json\/wp\/v2\/product_cat?post=27382"},{"taxonomy":"product_tag","embeddable":true,"href":"https:\/\/stampcurio.com\/hu\/wp-json\/wp\/v2\/product_tag?post=27382"}],"curies":[{"name":"wp","href":"https:\/\/api.w.org\/{rel}","templated":true}]}}