{"id":27381,"date":"2025-11-24T16:29:23","date_gmt":"2025-11-24T15:29:23","guid":{"rendered":"https:\/\/stampcurio.com\/product\/1956-magyarorszag-1956-magyarorszag-hunyadi-kozepen-fogazatlan-forditott-par-ivszeli-negyestombben-plusz-ivszeli-fogazatlan-par-mbk-34000\/"},"modified":"2026-01-05T15:11:59","modified_gmt":"2026-01-05T14:11:59","slug":"1956-magyarorszag-hunyadi-fogazatlan-tete-beche-ivszeli-par-postatiszta-phu-75-eur","status":"publish","type":"product","link":"https:\/\/stampcurio.com\/hu\/termek\/1956-magyarorszag-hunyadi-fogazatlan-tete-beche-ivszeli-par-postatiszta-phu-75-eur\/","title":{"rendered":"1956 Magyarorsz\u00e1g &#8211;  Hunyadi fogazatlan t\u00eate-b\u00eache \u00edvsz\u00e9li p\u00e1r postatiszta ** | PHu: 75 EUR"},"content":{"rendered":"","protected":false},"excerpt":{"rendered":"","protected":false},"featured_media":33166,"template":"","meta":[],"product_brand":[],"product_cat":[1172],"product_tag":[1669,116,1334,1006],"class_list":{"0":"post-27381","1":"product","2":"type-product","3":"status-publish","4":"has-post-thumbnail","6":"product_cat-magyarorszag","7":"product_tag-3rd-auction","8":"product_tag-belyeg","9":"product_tag-tete-beche","10":"product_tag-unsold","12":"first","13":"instock","14":"sold-individually","15":"shipping-taxable","16":"purchasable","17":"product-type-simple"},"_links":{"self":[{"href":"https:\/\/stampcurio.com\/hu\/wp-json\/wp\/v2\/product\/27381","targetHints":{"allow":["GET"]}}],"collection":[{"href":"https:\/\/stampcurio.com\/hu\/wp-json\/wp\/v2\/product"}],"about":[{"href":"https:\/\/stampcurio.com\/hu\/wp-json\/wp\/v2\/types\/product"}],"wp:featuredmedia":[{"embeddable":true,"href":"https:\/\/stampcurio.com\/hu\/wp-json\/wp\/v2\/media\/33166"}],"wp:attachment":[{"href":"https:\/\/stampcurio.com\/hu\/wp-json\/wp\/v2\/media?parent=27381"}],"wp:term":[{"taxonomy":"product_brand","embeddable":true,"href":"https:\/\/stampcurio.com\/hu\/wp-json\/wp\/v2\/product_brand?post=27381"},{"taxonomy":"product_cat","embeddable":true,"href":"https:\/\/stampcurio.com\/hu\/wp-json\/wp\/v2\/product_cat?post=27381"},{"taxonomy":"product_tag","embeddable":true,"href":"https:\/\/stampcurio.com\/hu\/wp-json\/wp\/v2\/product_tag?post=27381"}],"curies":[{"name":"wp","href":"https:\/\/api.w.org\/{rel}","templated":true}]}}