{"id":27380,"date":"2025-11-24T16:29:23","date_gmt":"2025-11-24T15:29:23","guid":{"rendered":"https:\/\/stampcurio.com\/product\/1958-magyarorszag-televizio-postatiszta-ivsarki-belyeg-12-es-fogazattal-a-jobb-oldalon-ures-mezovel-phu-25-eur\/"},"modified":"2025-12-05T04:02:37","modified_gmt":"2025-12-05T03:02:37","slug":"1958-magyarorszag-televizio-postatiszta-ivsarki-belyeg-12-es-fogazattal-a-jobb-oldalon-ures-mezovel-phu-25-eur","status":"publish","type":"product","link":"https:\/\/stampcurio.com\/hu\/termek\/1958-magyarorszag-televizio-postatiszta-ivsarki-belyeg-12-es-fogazattal-a-jobb-oldalon-ures-mezovel-phu-25-eur\/","title":{"rendered":"1958 Magyarorsz\u00e1g &#8211; Telev\u00edzi\u00f3 postatiszta ** \u00edvsarki b\u00e9lyeg, 12-es fogazattal, a jobb oldalon \u00fcres mez\u0151vel | Phu: 25 EUR"},"content":{"rendered":"","protected":false},"excerpt":{"rendered":"","protected":false},"featured_media":33039,"template":"","meta":[],"product_brand":[],"product_cat":[1172],"product_tag":[1669,116,217],"class_list":{"0":"post-27380","1":"product","2":"type-product","3":"status-publish","4":"has-post-thumbnail","6":"product_cat-magyarorszag","7":"product_tag-3rd-auction","8":"product_tag-belyeg","9":"product_tag-tevnyomat","11":"first","12":"outofstock","13":"sold-individually","14":"shipping-taxable","15":"purchasable","16":"product-type-simple"},"_links":{"self":[{"href":"https:\/\/stampcurio.com\/hu\/wp-json\/wp\/v2\/product\/27380","targetHints":{"allow":["GET"]}}],"collection":[{"href":"https:\/\/stampcurio.com\/hu\/wp-json\/wp\/v2\/product"}],"about":[{"href":"https:\/\/stampcurio.com\/hu\/wp-json\/wp\/v2\/types\/product"}],"wp:featuredmedia":[{"embeddable":true,"href":"https:\/\/stampcurio.com\/hu\/wp-json\/wp\/v2\/media\/33039"}],"wp:attachment":[{"href":"https:\/\/stampcurio.com\/hu\/wp-json\/wp\/v2\/media?parent=27380"}],"wp:term":[{"taxonomy":"product_brand","embeddable":true,"href":"https:\/\/stampcurio.com\/hu\/wp-json\/wp\/v2\/product_brand?post=27380"},{"taxonomy":"product_cat","embeddable":true,"href":"https:\/\/stampcurio.com\/hu\/wp-json\/wp\/v2\/product_cat?post=27380"},{"taxonomy":"product_tag","embeddable":true,"href":"https:\/\/stampcurio.com\/hu\/wp-json\/wp\/v2\/product_tag?post=27380"}],"curies":[{"name":"wp","href":"https:\/\/api.w.org\/{rel}","templated":true}]}}