{"id":27377,"date":"2025-11-24T16:29:22","date_gmt":"2025-11-24T15:29:22","guid":{"rendered":"https:\/\/stampcurio.com\/product\/1957-magyarorszag-miskolc-belyegkiallitas-7-db-levelzaro-emlekiv-enyvezett\/"},"modified":"2025-12-05T04:02:38","modified_gmt":"2025-12-05T03:02:38","slug":"1957-magyarorszag-miskolc-belyegkiallitas-levelzaro-emlekiv-postatiszta","status":"publish","type":"product","link":"https:\/\/stampcurio.com\/hu\/termek\/1957-magyarorszag-miskolc-belyegkiallitas-levelzaro-emlekiv-postatiszta\/","title":{"rendered":"1957 Magyarorsz\u00e1g &#8211; Miskolc B\u00e9lyegki\u00e1ll\u00edt\u00e1s lev\u00e9lz\u00e1r\u00f3  \/ eml\u00e9k\u00edv postatiszta **"},"content":{"rendered":"","protected":false},"excerpt":{"rendered":"","protected":false},"featured_media":33057,"template":"","meta":[],"product_brand":[],"product_cat":[1172],"product_tag":[1669,116,194],"class_list":{"0":"post-27377","1":"product","2":"type-product","3":"status-publish","4":"has-post-thumbnail","6":"product_cat-magyarorszag","7":"product_tag-3rd-auction","8":"product_tag-belyeg","9":"product_tag-levelzaro","11":"first","12":"outofstock","13":"sold-individually","14":"shipping-taxable","15":"purchasable","16":"product-type-simple"},"_links":{"self":[{"href":"https:\/\/stampcurio.com\/hu\/wp-json\/wp\/v2\/product\/27377","targetHints":{"allow":["GET"]}}],"collection":[{"href":"https:\/\/stampcurio.com\/hu\/wp-json\/wp\/v2\/product"}],"about":[{"href":"https:\/\/stampcurio.com\/hu\/wp-json\/wp\/v2\/types\/product"}],"wp:featuredmedia":[{"embeddable":true,"href":"https:\/\/stampcurio.com\/hu\/wp-json\/wp\/v2\/media\/33057"}],"wp:attachment":[{"href":"https:\/\/stampcurio.com\/hu\/wp-json\/wp\/v2\/media?parent=27377"}],"wp:term":[{"taxonomy":"product_brand","embeddable":true,"href":"https:\/\/stampcurio.com\/hu\/wp-json\/wp\/v2\/product_brand?post=27377"},{"taxonomy":"product_cat","embeddable":true,"href":"https:\/\/stampcurio.com\/hu\/wp-json\/wp\/v2\/product_cat?post=27377"},{"taxonomy":"product_tag","embeddable":true,"href":"https:\/\/stampcurio.com\/hu\/wp-json\/wp\/v2\/product_tag?post=27377"}],"curies":[{"name":"wp","href":"https:\/\/api.w.org\/{rel}","templated":true}]}}