{"id":27376,"date":"2025-11-24T16:29:21","date_gmt":"2025-11-24T15:29:21","guid":{"rendered":"https:\/\/stampcurio.com\/product\/1939-magyarorszag-alvegyes-cseh-magyar-dijlerovas-mkp-118-kisegito-gumibelyegzessel-kepeslapon\/"},"modified":"2025-12-05T04:02:39","modified_gmt":"2025-12-05T03:02:39","slug":"1939-magyarorszag-cseh-magyar-alvegyes-dijlerovas-mkp-118-kisegito-gumibelyegzessel-kepeslapon-vagmenti-inoc-chata-odboru-kcst-v-trencine-turistahaz","status":"publish","type":"product","link":"https:\/\/stampcurio.com\/hu\/termek\/1939-magyarorszag-cseh-magyar-alvegyes-dijlerovas-mkp-118-kisegito-gumibelyegzessel-kepeslapon-vagmenti-inoc-chata-odboru-kcst-v-trencine-turistahaz\/","title":{"rendered":"1939 Magyarorsz\u00e1g &#8211; cseh-magyar \u00e1lvegyes d\u00edjlerov\u00e1s MKP 118 kiseg\u00edt\u0151 gumib\u00e9lyegz\u00e9ssel k\u00e9peslapon V\u00e1gmenti In\u00f3c  &#8211; Chata Odboru KCST v Trenc\u00edne \/ Turistah\u00e1z"},"content":{"rendered":"","protected":false},"excerpt":{"rendered":"","protected":false},"featured_media":28631,"template":"","meta":[],"product_brand":[],"product_cat":[1238,1172,1189],"product_tag":[1669,1041,89,172],"class_list":{"0":"post-27376","1":"product","2":"type-product","3":"status-publish","4":"has-post-thumbnail","6":"product_cat-csehorszag","7":"product_cat-magyarorszag","8":"product_cat-szlovakia","9":"product_tag-3rd-auction","10":"product_tag-marcophily-hu","11":"product_tag-postatortenet","12":"product_tag-vegyes-bermentesites","14":"first","15":"outofstock","16":"sold-individually","17":"shipping-taxable","18":"purchasable","19":"product-type-simple"},"_links":{"self":[{"href":"https:\/\/stampcurio.com\/hu\/wp-json\/wp\/v2\/product\/27376","targetHints":{"allow":["GET"]}}],"collection":[{"href":"https:\/\/stampcurio.com\/hu\/wp-json\/wp\/v2\/product"}],"about":[{"href":"https:\/\/stampcurio.com\/hu\/wp-json\/wp\/v2\/types\/product"}],"wp:featuredmedia":[{"embeddable":true,"href":"https:\/\/stampcurio.com\/hu\/wp-json\/wp\/v2\/media\/28631"}],"wp:attachment":[{"href":"https:\/\/stampcurio.com\/hu\/wp-json\/wp\/v2\/media?parent=27376"}],"wp:term":[{"taxonomy":"product_brand","embeddable":true,"href":"https:\/\/stampcurio.com\/hu\/wp-json\/wp\/v2\/product_brand?post=27376"},{"taxonomy":"product_cat","embeddable":true,"href":"https:\/\/stampcurio.com\/hu\/wp-json\/wp\/v2\/product_cat?post=27376"},{"taxonomy":"product_tag","embeddable":true,"href":"https:\/\/stampcurio.com\/hu\/wp-json\/wp\/v2\/product_tag?post=27376"}],"curies":[{"name":"wp","href":"https:\/\/api.w.org\/{rel}","templated":true}]}}