{"id":27375,"date":"2025-11-24T16:29:21","date_gmt":"2025-11-24T15:29:21","guid":{"rendered":"https:\/\/stampcurio.com\/product\/1936-szlovakia-domica-jsakyna-postaugynokseg-lebelyegzes-kepeslapon\/"},"modified":"2026-01-05T15:12:00","modified_gmt":"2026-01-05T14:12:00","slug":"1936-csehszlovakia-domica-jsakyna-postaugynokseg-lebelyegzes-kepeslapon","status":"publish","type":"product","link":"https:\/\/stampcurio.com\/hu\/termek\/1936-csehszlovakia-domica-jsakyna-postaugynokseg-lebelyegzes-kepeslapon\/","title":{"rendered":"1936 Csehszlov\u00e1kia &#8211; Domica Jsakyna posta\u00fcgyn\u00f6ks\u00e9g leb\u00e9lyegz\u00e9s k\u00e9peslapon"},"content":{"rendered":"","protected":false},"excerpt":{"rendered":"","protected":false},"featured_media":28623,"template":"","meta":[],"product_brand":[],"product_cat":[1238,1189],"product_tag":[1669,97,1041,1269,1006],"class_list":{"0":"post-27375","1":"product","2":"type-product","3":"status-publish","4":"has-post-thumbnail","6":"product_cat-csehorszag","7":"product_cat-szlovakia","8":"product_tag-3rd-auction","9":"product_tag-kepeslap","10":"product_tag-marcophily-hu","11":"product_tag-postaugynokseg","12":"product_tag-unsold","14":"first","15":"instock","16":"sold-individually","17":"shipping-taxable","18":"purchasable","19":"product-type-simple"},"_links":{"self":[{"href":"https:\/\/stampcurio.com\/hu\/wp-json\/wp\/v2\/product\/27375","targetHints":{"allow":["GET"]}}],"collection":[{"href":"https:\/\/stampcurio.com\/hu\/wp-json\/wp\/v2\/product"}],"about":[{"href":"https:\/\/stampcurio.com\/hu\/wp-json\/wp\/v2\/types\/product"}],"wp:featuredmedia":[{"embeddable":true,"href":"https:\/\/stampcurio.com\/hu\/wp-json\/wp\/v2\/media\/28623"}],"wp:attachment":[{"href":"https:\/\/stampcurio.com\/hu\/wp-json\/wp\/v2\/media?parent=27375"}],"wp:term":[{"taxonomy":"product_brand","embeddable":true,"href":"https:\/\/stampcurio.com\/hu\/wp-json\/wp\/v2\/product_brand?post=27375"},{"taxonomy":"product_cat","embeddable":true,"href":"https:\/\/stampcurio.com\/hu\/wp-json\/wp\/v2\/product_cat?post=27375"},{"taxonomy":"product_tag","embeddable":true,"href":"https:\/\/stampcurio.com\/hu\/wp-json\/wp\/v2\/product_tag?post=27375"}],"curies":[{"name":"wp","href":"https:\/\/api.w.org\/{rel}","templated":true}]}}