{"id":27374,"date":"2025-11-24T16:29:21","date_gmt":"2025-11-24T15:29:21","guid":{"rendered":"https:\/\/stampcurio.com\/product\/1950-magyarorszag-upu-fogazott-blokk-3-sorszam-serult\/"},"modified":"2026-01-08T13:23:06","modified_gmt":"2026-01-08T12:23:06","slug":"1950-magyarorszag-upu-fogazott-blokk-3-sorszam-rendkivuli-darab","status":"publish","type":"product","link":"https:\/\/stampcurio.com\/hu\/termek\/1950-magyarorszag-upu-fogazott-blokk-3-sorszam-rendkivuli-darab\/","title":{"rendered":"1950 Magyarorsz\u00e1g &#8211; UPU fogazott blokk 3. (!) sorsz\u00e1m &#8211; rendk\u00edv\u00fcli darab!"},"content":{"rendered":"","protected":false},"excerpt":{"rendered":"<p>A blokk egy pap\u00edrlapra felragasztva, a fogazata a jobb f\u00fcgg\u0151leges r\u00e9szen r\u00e9szlegesen elv\u00e1lt.<\/p>\n","protected":false},"featured_media":32229,"template":"","meta":[],"product_brand":[],"product_cat":[1172],"product_tag":[1669,116,176],"class_list":{"0":"post-27374","1":"product","2":"type-product","3":"status-publish","4":"has-post-thumbnail","6":"product_cat-magyarorszag","7":"product_tag-3rd-auction","8":"product_tag-belyeg","9":"product_tag-philagem","11":"first","12":"outofstock","13":"sold-individually","14":"shipping-taxable","15":"purchasable","16":"product-type-simple"},"_links":{"self":[{"href":"https:\/\/stampcurio.com\/hu\/wp-json\/wp\/v2\/product\/27374","targetHints":{"allow":["GET"]}}],"collection":[{"href":"https:\/\/stampcurio.com\/hu\/wp-json\/wp\/v2\/product"}],"about":[{"href":"https:\/\/stampcurio.com\/hu\/wp-json\/wp\/v2\/types\/product"}],"wp:featuredmedia":[{"embeddable":true,"href":"https:\/\/stampcurio.com\/hu\/wp-json\/wp\/v2\/media\/32229"}],"wp:attachment":[{"href":"https:\/\/stampcurio.com\/hu\/wp-json\/wp\/v2\/media?parent=27374"}],"wp:term":[{"taxonomy":"product_brand","embeddable":true,"href":"https:\/\/stampcurio.com\/hu\/wp-json\/wp\/v2\/product_brand?post=27374"},{"taxonomy":"product_cat","embeddable":true,"href":"https:\/\/stampcurio.com\/hu\/wp-json\/wp\/v2\/product_cat?post=27374"},{"taxonomy":"product_tag","embeddable":true,"href":"https:\/\/stampcurio.com\/hu\/wp-json\/wp\/v2\/product_tag?post=27374"}],"curies":[{"name":"wp","href":"https:\/\/api.w.org\/{rel}","templated":true}]}}