{"id":27373,"date":"2025-11-24T16:29:20","date_gmt":"2025-11-24T15:29:20","guid":{"rendered":"https:\/\/stampcurio.com\/product\/1941-magyarorszag-mkir-mozgoposta-x-ritka-gumibelyegzo-viseltes-boritekon\/"},"modified":"2026-01-05T15:12:00","modified_gmt":"2026-01-05T14:12:00","slug":"1941-magyarorszag-m-kir-mozgoposta-x-ritka-provizorikus-gumibelyegzo-viseltes-boritekon-kozepszallas-bacska","status":"publish","type":"product","link":"https:\/\/stampcurio.com\/hu\/termek\/1941-magyarorszag-m-kir-mozgoposta-x-ritka-provizorikus-gumibelyegzo-viseltes-boritekon-kozepszallas-bacska\/","title":{"rendered":"1941 Magyarorsz\u00e1g &#8211; M.KIR. MOZG\u00d3POSTA X. ritka proviz\u00f3rikus gumib\u00e9lyegz\u0151 viseltes bor\u00edt\u00e9kon &#8211; K\u00f6z\u00e9psz\u00e1ll\u00e1s B\u00e1cska"},"content":{"rendered":"","protected":false},"excerpt":{"rendered":"","protected":false},"featured_media":28627,"template":"","meta":[],"product_brand":[],"product_cat":[1172,1245],"product_tag":[1669,1041,1267,256,1006],"class_list":{"0":"post-27373","1":"product","2":"type-product","3":"status-publish","4":"has-post-thumbnail","6":"product_cat-magyarorszag","7":"product_cat-szerbia","8":"product_tag-3rd-auction","9":"product_tag-marcophily-hu","10":"product_tag-mozgoposta","11":"product_tag-provizorium","12":"product_tag-unsold","14":"first","15":"instock","16":"sold-individually","17":"shipping-taxable","18":"purchasable","19":"product-type-simple"},"_links":{"self":[{"href":"https:\/\/stampcurio.com\/hu\/wp-json\/wp\/v2\/product\/27373","targetHints":{"allow":["GET"]}}],"collection":[{"href":"https:\/\/stampcurio.com\/hu\/wp-json\/wp\/v2\/product"}],"about":[{"href":"https:\/\/stampcurio.com\/hu\/wp-json\/wp\/v2\/types\/product"}],"wp:featuredmedia":[{"embeddable":true,"href":"https:\/\/stampcurio.com\/hu\/wp-json\/wp\/v2\/media\/28627"}],"wp:attachment":[{"href":"https:\/\/stampcurio.com\/hu\/wp-json\/wp\/v2\/media?parent=27373"}],"wp:term":[{"taxonomy":"product_brand","embeddable":true,"href":"https:\/\/stampcurio.com\/hu\/wp-json\/wp\/v2\/product_brand?post=27373"},{"taxonomy":"product_cat","embeddable":true,"href":"https:\/\/stampcurio.com\/hu\/wp-json\/wp\/v2\/product_cat?post=27373"},{"taxonomy":"product_tag","embeddable":true,"href":"https:\/\/stampcurio.com\/hu\/wp-json\/wp\/v2\/product_tag?post=27373"}],"curies":[{"name":"wp","href":"https:\/\/api.w.org\/{rel}","templated":true}]}}