{"id":27372,"date":"2025-11-24T16:29:20","date_gmt":"2025-11-24T15:29:20","guid":{"rendered":"https:\/\/stampcurio.com\/product\/1878-torokorszag-emi28-postatiszta-parban-a-baloldali-belyegen-lemezhiba\/"},"modified":"2025-12-05T04:02:40","modified_gmt":"2025-12-05T03:02:40","slug":"1878-torokorszag-postatiszta-belyegek-lemezhibaval","status":"publish","type":"product","link":"https:\/\/stampcurio.com\/hu\/termek\/1878-torokorszag-postatiszta-belyegek-lemezhibaval\/","title":{"rendered":"1878 T\u00f6r\u00f6korsz\u00e1g &#8211; postatiszta b\u00e9lyegek lemezhib\u00e1val"},"content":{"rendered":"","protected":false},"excerpt":{"rendered":"","protected":false},"featured_media":32223,"template":"","meta":[],"product_brand":[],"product_cat":[1188],"product_tag":[1669,116,217],"class_list":{"0":"post-27372","1":"product","2":"type-product","3":"status-publish","4":"has-post-thumbnail","6":"product_cat-torokorszag","7":"product_tag-3rd-auction","8":"product_tag-belyeg","9":"product_tag-tevnyomat","11":"first","12":"outofstock","13":"sold-individually","14":"shipping-taxable","15":"purchasable","16":"product-type-simple"},"_links":{"self":[{"href":"https:\/\/stampcurio.com\/hu\/wp-json\/wp\/v2\/product\/27372","targetHints":{"allow":["GET"]}}],"collection":[{"href":"https:\/\/stampcurio.com\/hu\/wp-json\/wp\/v2\/product"}],"about":[{"href":"https:\/\/stampcurio.com\/hu\/wp-json\/wp\/v2\/types\/product"}],"wp:featuredmedia":[{"embeddable":true,"href":"https:\/\/stampcurio.com\/hu\/wp-json\/wp\/v2\/media\/32223"}],"wp:attachment":[{"href":"https:\/\/stampcurio.com\/hu\/wp-json\/wp\/v2\/media?parent=27372"}],"wp:term":[{"taxonomy":"product_brand","embeddable":true,"href":"https:\/\/stampcurio.com\/hu\/wp-json\/wp\/v2\/product_brand?post=27372"},{"taxonomy":"product_cat","embeddable":true,"href":"https:\/\/stampcurio.com\/hu\/wp-json\/wp\/v2\/product_cat?post=27372"},{"taxonomy":"product_tag","embeddable":true,"href":"https:\/\/stampcurio.com\/hu\/wp-json\/wp\/v2\/product_tag?post=27372"}],"curies":[{"name":"wp","href":"https:\/\/api.w.org\/{rel}","templated":true}]}}