{"id":27371,"date":"2025-11-24T16:29:19","date_gmt":"2025-11-24T15:29:19","guid":{"rendered":"https:\/\/stampcurio.com\/product\/1919-magyarorszag-tanacskoztarsasag-2-korona-probanyomat-felulnyomatokkal\/"},"modified":"2026-01-05T15:12:01","modified_gmt":"2026-01-05T14:12:01","slug":"1919-magyarorszag-tanacskoztarsasag-2-korona-probanyomat-tobbszoros-felulnyomattal","status":"publish","type":"product","link":"https:\/\/stampcurio.com\/hu\/termek\/1919-magyarorszag-tanacskoztarsasag-2-korona-probanyomat-tobbszoros-felulnyomattal\/","title":{"rendered":"1919 Magyarorsz\u00e1g &#8211; Tan\u00e1csk\u00f6zt\u00e1rsas\u00e1g 2 korona pr\u00f3banyomat, t\u00f6bbsz\u00f6r\u00f6s fel\u00fclnyomattal"},"content":{"rendered":"","protected":false},"excerpt":{"rendered":"","protected":false},"featured_media":31102,"template":"","meta":[],"product_brand":[],"product_cat":[1172],"product_tag":[1669,116,390,1006],"class_list":{"0":"post-27371","1":"product","2":"type-product","3":"status-publish","4":"has-post-thumbnail","6":"product_cat-magyarorszag","7":"product_tag-3rd-auction","8":"product_tag-belyeg","9":"product_tag-probanyomat","10":"product_tag-unsold","12":"first","13":"instock","14":"sold-individually","15":"shipping-taxable","16":"purchasable","17":"product-type-simple"},"_links":{"self":[{"href":"https:\/\/stampcurio.com\/hu\/wp-json\/wp\/v2\/product\/27371","targetHints":{"allow":["GET"]}}],"collection":[{"href":"https:\/\/stampcurio.com\/hu\/wp-json\/wp\/v2\/product"}],"about":[{"href":"https:\/\/stampcurio.com\/hu\/wp-json\/wp\/v2\/types\/product"}],"wp:featuredmedia":[{"embeddable":true,"href":"https:\/\/stampcurio.com\/hu\/wp-json\/wp\/v2\/media\/31102"}],"wp:attachment":[{"href":"https:\/\/stampcurio.com\/hu\/wp-json\/wp\/v2\/media?parent=27371"}],"wp:term":[{"taxonomy":"product_brand","embeddable":true,"href":"https:\/\/stampcurio.com\/hu\/wp-json\/wp\/v2\/product_brand?post=27371"},{"taxonomy":"product_cat","embeddable":true,"href":"https:\/\/stampcurio.com\/hu\/wp-json\/wp\/v2\/product_cat?post=27371"},{"taxonomy":"product_tag","embeddable":true,"href":"https:\/\/stampcurio.com\/hu\/wp-json\/wp\/v2\/product_tag?post=27371"}],"curies":[{"name":"wp","href":"https:\/\/api.w.org\/{rel}","templated":true}]}}