{"id":27370,"date":"2025-11-24T16:29:19","date_gmt":"2025-11-24T15:29:19","guid":{"rendered":"https:\/\/stampcurio.com\/product\/1918-magyarorszag-karoly-zita-sor-probanyomatok-szinprobai-8-ertek-115-sorfogazassal-enyvezetten\/"},"modified":"2026-01-05T15:12:00","modified_gmt":"2026-01-05T14:12:00","slug":"1918-magyarorszag-karoly-zita-sor-szinprobai-benne-a-vegul-kiadatlan-35-es-75-filleres-ertekekkel-probanyomatok-8-ertek-115-sorfogazassal-postatiszta","status":"publish","type":"product","link":"https:\/\/stampcurio.com\/hu\/termek\/1918-magyarorszag-karoly-zita-sor-szinprobai-benne-a-vegul-kiadatlan-35-es-75-filleres-ertekekkel-probanyomatok-8-ertek-115-sorfogazassal-postatiszta\/","title":{"rendered":"1918 Magyarorsz\u00e1g &#8211; K\u00e1roly-Zita sor sz\u00ednpr\u00f3b\u00e1i benne a v\u00e9g\u00fcl kiadatlan 35 \u00e9s 75 fill\u00e9res \u00e9rt\u00e9kekkel &#8211; pr\u00f3banyomatok \u2013 8 \u00e9rt\u00e9k 11,5 sorfogaz\u00e1ssal, postatiszta **"},"content":{"rendered":"","protected":false},"excerpt":{"rendered":"","protected":false},"featured_media":33043,"template":"","meta":[],"product_brand":[],"product_cat":[1172],"product_tag":[1669,116,176,390,1006],"class_list":{"0":"post-27370","1":"product","2":"type-product","3":"status-publish","4":"has-post-thumbnail","6":"product_cat-magyarorszag","7":"product_tag-3rd-auction","8":"product_tag-belyeg","9":"product_tag-philagem","10":"product_tag-probanyomat","11":"product_tag-unsold","13":"first","14":"instock","15":"sold-individually","16":"shipping-taxable","17":"purchasable","18":"product-type-simple"},"_links":{"self":[{"href":"https:\/\/stampcurio.com\/hu\/wp-json\/wp\/v2\/product\/27370","targetHints":{"allow":["GET"]}}],"collection":[{"href":"https:\/\/stampcurio.com\/hu\/wp-json\/wp\/v2\/product"}],"about":[{"href":"https:\/\/stampcurio.com\/hu\/wp-json\/wp\/v2\/types\/product"}],"wp:featuredmedia":[{"embeddable":true,"href":"https:\/\/stampcurio.com\/hu\/wp-json\/wp\/v2\/media\/33043"}],"wp:attachment":[{"href":"https:\/\/stampcurio.com\/hu\/wp-json\/wp\/v2\/media?parent=27370"}],"wp:term":[{"taxonomy":"product_brand","embeddable":true,"href":"https:\/\/stampcurio.com\/hu\/wp-json\/wp\/v2\/product_brand?post=27370"},{"taxonomy":"product_cat","embeddable":true,"href":"https:\/\/stampcurio.com\/hu\/wp-json\/wp\/v2\/product_cat?post=27370"},{"taxonomy":"product_tag","embeddable":true,"href":"https:\/\/stampcurio.com\/hu\/wp-json\/wp\/v2\/product_tag?post=27370"}],"curies":[{"name":"wp","href":"https:\/\/api.w.org\/{rel}","templated":true}]}}