{"id":27369,"date":"2025-11-24T16:29:19","date_gmt":"2025-11-24T15:29:19","guid":{"rendered":"https:\/\/stampcurio.com\/product\/1913-magyarorszag-arato-2010-filler-probanyomatok-fekete-szinben\/"},"modified":"2025-12-05T04:02:40","modified_gmt":"2025-12-05T03:02:40","slug":"1916-magyarorszag-arato-2010-filler-probanyomatok-fekete-szinben","status":"publish","type":"product","link":"https:\/\/stampcurio.com\/hu\/termek\/1916-magyarorszag-arato-2010-filler-probanyomatok-fekete-szinben\/","title":{"rendered":"1916 Magyarorsz\u00e1g &#8211; Arat\u00f3 20+10 fill\u00e9r pr\u00f3banyomatok fekete sz\u00ednben"},"content":{"rendered":"","protected":false},"excerpt":{"rendered":"","protected":false},"featured_media":33047,"template":"","meta":[],"product_brand":[],"product_cat":[1172],"product_tag":[1669,116,390],"class_list":{"0":"post-27369","1":"product","2":"type-product","3":"status-publish","4":"has-post-thumbnail","6":"product_cat-magyarorszag","7":"product_tag-3rd-auction","8":"product_tag-belyeg","9":"product_tag-probanyomat","11":"first","12":"outofstock","13":"sold-individually","14":"shipping-taxable","15":"purchasable","16":"product-type-simple"},"_links":{"self":[{"href":"https:\/\/stampcurio.com\/hu\/wp-json\/wp\/v2\/product\/27369","targetHints":{"allow":["GET"]}}],"collection":[{"href":"https:\/\/stampcurio.com\/hu\/wp-json\/wp\/v2\/product"}],"about":[{"href":"https:\/\/stampcurio.com\/hu\/wp-json\/wp\/v2\/types\/product"}],"wp:featuredmedia":[{"embeddable":true,"href":"https:\/\/stampcurio.com\/hu\/wp-json\/wp\/v2\/media\/33047"}],"wp:attachment":[{"href":"https:\/\/stampcurio.com\/hu\/wp-json\/wp\/v2\/media?parent=27369"}],"wp:term":[{"taxonomy":"product_brand","embeddable":true,"href":"https:\/\/stampcurio.com\/hu\/wp-json\/wp\/v2\/product_brand?post=27369"},{"taxonomy":"product_cat","embeddable":true,"href":"https:\/\/stampcurio.com\/hu\/wp-json\/wp\/v2\/product_cat?post=27369"},{"taxonomy":"product_tag","embeddable":true,"href":"https:\/\/stampcurio.com\/hu\/wp-json\/wp\/v2\/product_tag?post=27369"}],"curies":[{"name":"wp","href":"https:\/\/api.w.org\/{rel}","templated":true}]}}