{"id":27367,"date":"2025-11-24T16:29:16","date_gmt":"2025-11-24T15:29:16","guid":{"rendered":"https:\/\/stampcurio.com\/product\/1913-magyarorszag-turul-5-filler-ertekszam-probanyomat-amire-1919-ben-a-20-filleres-magyar-posta-1020-filleres-probanyomatat-nyomtak\/"},"modified":"2026-01-05T15:12:01","modified_gmt":"2026-01-05T14:12:01","slug":"1913-magyarorszag-turul-5-filler-ertekszam-probanyomat-amire-1919-ben-a-20-filleres-magyar-posta-probanyomatat-nyomtak-magyar-posta-10-filler-probanyomat-ivszellel","status":"publish","type":"product","link":"https:\/\/stampcurio.com\/hu\/termek\/1913-magyarorszag-turul-5-filler-ertekszam-probanyomat-amire-1919-ben-a-20-filleres-magyar-posta-probanyomatat-nyomtak-magyar-posta-10-filler-probanyomat-ivszellel\/","title":{"rendered":"1913 Magyarorsz\u00e1g &#8211; Turul 5 fill\u00e9r \u00e9rt\u00e9ksz\u00e1m pr\u00f3banyomat, amire 1919-ben a 20 fill\u00e9res Magyar Posta pr\u00f3banyomat\u00e1t nyomt\u00e1k + Magyar Posta 10 fill\u00e9r pr\u00f3banyomat \u00edvsz\u00e9llel"},"content":{"rendered":"","protected":false},"excerpt":{"rendered":"","protected":false},"featured_media":31156,"template":"","meta":[],"product_brand":[],"product_cat":[1172],"product_tag":[1669,116,390,1006],"class_list":{"0":"post-27367","1":"product","2":"type-product","3":"status-publish","4":"has-post-thumbnail","6":"product_cat-magyarorszag","7":"product_tag-3rd-auction","8":"product_tag-belyeg","9":"product_tag-probanyomat","10":"product_tag-unsold","12":"first","13":"instock","14":"sold-individually","15":"shipping-taxable","16":"purchasable","17":"product-type-simple"},"_links":{"self":[{"href":"https:\/\/stampcurio.com\/hu\/wp-json\/wp\/v2\/product\/27367","targetHints":{"allow":["GET"]}}],"collection":[{"href":"https:\/\/stampcurio.com\/hu\/wp-json\/wp\/v2\/product"}],"about":[{"href":"https:\/\/stampcurio.com\/hu\/wp-json\/wp\/v2\/types\/product"}],"wp:featuredmedia":[{"embeddable":true,"href":"https:\/\/stampcurio.com\/hu\/wp-json\/wp\/v2\/media\/31156"}],"wp:attachment":[{"href":"https:\/\/stampcurio.com\/hu\/wp-json\/wp\/v2\/media?parent=27367"}],"wp:term":[{"taxonomy":"product_brand","embeddable":true,"href":"https:\/\/stampcurio.com\/hu\/wp-json\/wp\/v2\/product_brand?post=27367"},{"taxonomy":"product_cat","embeddable":true,"href":"https:\/\/stampcurio.com\/hu\/wp-json\/wp\/v2\/product_cat?post=27367"},{"taxonomy":"product_tag","embeddable":true,"href":"https:\/\/stampcurio.com\/hu\/wp-json\/wp\/v2\/product_tag?post=27367"}],"curies":[{"name":"wp","href":"https:\/\/api.w.org\/{rel}","templated":true}]}}