{"id":27366,"date":"2025-11-24T16:29:15","date_gmt":"2025-11-24T15:29:15","guid":{"rendered":"https:\/\/stampcurio.com\/product\/1916-magyarorszag-arato-10-es-20-filler-egymasra-nyomva\/"},"modified":"2026-01-05T15:12:01","modified_gmt":"2026-01-05T14:12:01","slug":"1916-magyarorszag-arato-10-es-20-filler-probanyomatok-egymasra-nyomva","status":"publish","type":"product","link":"https:\/\/stampcurio.com\/hu\/termek\/1916-magyarorszag-arato-10-es-20-filler-probanyomatok-egymasra-nyomva\/","title":{"rendered":"1916 Magyarorsz\u00e1g &#8211; Arat\u00f3 10 \u00e9s 20 fill\u00e9r pr\u00f3banyomatok egym\u00e1sra nyomva"},"content":{"rendered":"","protected":false},"excerpt":{"rendered":"","protected":false},"featured_media":31110,"template":"","meta":[],"product_brand":[],"product_cat":[1172],"product_tag":[1669,116,390,217,1006],"class_list":{"0":"post-27366","1":"product","2":"type-product","3":"status-publish","4":"has-post-thumbnail","6":"product_cat-magyarorszag","7":"product_tag-3rd-auction","8":"product_tag-belyeg","9":"product_tag-probanyomat","10":"product_tag-tevnyomat","11":"product_tag-unsold","13":"first","14":"instock","15":"sold-individually","16":"shipping-taxable","17":"purchasable","18":"product-type-simple"},"_links":{"self":[{"href":"https:\/\/stampcurio.com\/hu\/wp-json\/wp\/v2\/product\/27366","targetHints":{"allow":["GET"]}}],"collection":[{"href":"https:\/\/stampcurio.com\/hu\/wp-json\/wp\/v2\/product"}],"about":[{"href":"https:\/\/stampcurio.com\/hu\/wp-json\/wp\/v2\/types\/product"}],"wp:featuredmedia":[{"embeddable":true,"href":"https:\/\/stampcurio.com\/hu\/wp-json\/wp\/v2\/media\/31110"}],"wp:attachment":[{"href":"https:\/\/stampcurio.com\/hu\/wp-json\/wp\/v2\/media?parent=27366"}],"wp:term":[{"taxonomy":"product_brand","embeddable":true,"href":"https:\/\/stampcurio.com\/hu\/wp-json\/wp\/v2\/product_brand?post=27366"},{"taxonomy":"product_cat","embeddable":true,"href":"https:\/\/stampcurio.com\/hu\/wp-json\/wp\/v2\/product_cat?post=27366"},{"taxonomy":"product_tag","embeddable":true,"href":"https:\/\/stampcurio.com\/hu\/wp-json\/wp\/v2\/product_tag?post=27366"}],"curies":[{"name":"wp","href":"https:\/\/api.w.org\/{rel}","templated":true}]}}