{"id":27365,"date":"2025-11-24T16:29:15","date_gmt":"2025-11-24T15:29:15","guid":{"rendered":"https:\/\/stampcurio.com\/product\/1913-magyarorszag-turul-ertekszam-probanyomat-ivszeli-negyestomb-rajta-magyar-posta-40-filler-probanyomat\/"},"modified":"2026-01-05T15:12:02","modified_gmt":"2026-01-05T14:12:02","slug":"1913-magyarorszag-turul-ertekszam-probanyomat-ivszeli-negyestomb-zoldes-papiron-ranyomva-magyar-posta-40-filler-probanyomat","status":"publish","type":"product","link":"https:\/\/stampcurio.com\/hu\/termek\/1913-magyarorszag-turul-ertekszam-probanyomat-ivszeli-negyestomb-zoldes-papiron-ranyomva-magyar-posta-40-filler-probanyomat\/","title":{"rendered":"1913 Magyarorsz\u00e1g &#8211; Turul \u00e9rt\u00e9ksz\u00e1m pr\u00f3banyomat \u00edvsz\u00e9li n\u00e9gyest\u00f6mb z\u00f6ldes pap\u00edron, r\u00e1nyomva Magyar Posta 40 fill\u00e9r pr\u00f3banyomat"},"content":{"rendered":"","protected":false},"excerpt":{"rendered":"","protected":false},"featured_media":33061,"template":"","meta":[],"product_brand":[],"product_cat":[1172],"product_tag":[1669,116,390,1006],"class_list":{"0":"post-27365","1":"product","2":"type-product","3":"status-publish","4":"has-post-thumbnail","6":"product_cat-magyarorszag","7":"product_tag-3rd-auction","8":"product_tag-belyeg","9":"product_tag-probanyomat","10":"product_tag-unsold","12":"first","13":"instock","14":"sold-individually","15":"shipping-taxable","16":"purchasable","17":"product-type-simple"},"_links":{"self":[{"href":"https:\/\/stampcurio.com\/hu\/wp-json\/wp\/v2\/product\/27365","targetHints":{"allow":["GET"]}}],"collection":[{"href":"https:\/\/stampcurio.com\/hu\/wp-json\/wp\/v2\/product"}],"about":[{"href":"https:\/\/stampcurio.com\/hu\/wp-json\/wp\/v2\/types\/product"}],"wp:featuredmedia":[{"embeddable":true,"href":"https:\/\/stampcurio.com\/hu\/wp-json\/wp\/v2\/media\/33061"}],"wp:attachment":[{"href":"https:\/\/stampcurio.com\/hu\/wp-json\/wp\/v2\/media?parent=27365"}],"wp:term":[{"taxonomy":"product_brand","embeddable":true,"href":"https:\/\/stampcurio.com\/hu\/wp-json\/wp\/v2\/product_brand?post=27365"},{"taxonomy":"product_cat","embeddable":true,"href":"https:\/\/stampcurio.com\/hu\/wp-json\/wp\/v2\/product_cat?post=27365"},{"taxonomy":"product_tag","embeddable":true,"href":"https:\/\/stampcurio.com\/hu\/wp-json\/wp\/v2\/product_tag?post=27365"}],"curies":[{"name":"wp","href":"https:\/\/api.w.org\/{rel}","templated":true}]}}