{"id":27364,"date":"2025-11-24T16:29:15","date_gmt":"2025-11-24T15:29:15","guid":{"rendered":"https:\/\/stampcurio.com\/product\/1899-1900-ausztria-porto-belyeg-100-heller-pecsetelt-nyolcastombben-ritka-nagy-osszefugges\/"},"modified":"2026-01-05T15:12:02","modified_gmt":"2026-01-05T14:12:02","slug":"1899-1900-ausztria-pecsetelt-100-helleres-porto-belyeg-nyolcastombben-8-korona-porto-ritka-nagy-osszefugges","status":"publish","type":"product","link":"https:\/\/stampcurio.com\/hu\/termek\/1899-1900-ausztria-pecsetelt-100-helleres-porto-belyeg-nyolcastombben-8-korona-porto-ritka-nagy-osszefugges\/","title":{"rendered":"1899\/1900 Ausztria &#8211; pecs\u00e9telt 100 helleres port\u00f3 b\u00e9lyeg nyolcast\u00f6mbben (8 Korona porto!) \u2013 ritka nagy \u00f6sszef\u00fcgg\u00e9s"},"content":{"rendered":"","protected":false},"excerpt":{"rendered":"<p>Jobboldali fogazat s\u00e9r\u00fclt.<\/p>\n","protected":false},"featured_media":32023,"template":"","meta":[],"product_brand":[],"product_cat":[1178],"product_tag":[1669,116,108,1006],"class_list":{"0":"post-27364","1":"product","2":"type-product","3":"status-publish","4":"has-post-thumbnail","6":"product_cat-ausztria","7":"product_tag-3rd-auction","8":"product_tag-belyeg","9":"product_tag-porto","10":"product_tag-unsold","12":"first","13":"instock","14":"sold-individually","15":"shipping-taxable","16":"purchasable","17":"product-type-simple"},"_links":{"self":[{"href":"https:\/\/stampcurio.com\/hu\/wp-json\/wp\/v2\/product\/27364","targetHints":{"allow":["GET"]}}],"collection":[{"href":"https:\/\/stampcurio.com\/hu\/wp-json\/wp\/v2\/product"}],"about":[{"href":"https:\/\/stampcurio.com\/hu\/wp-json\/wp\/v2\/types\/product"}],"wp:featuredmedia":[{"embeddable":true,"href":"https:\/\/stampcurio.com\/hu\/wp-json\/wp\/v2\/media\/32023"}],"wp:attachment":[{"href":"https:\/\/stampcurio.com\/hu\/wp-json\/wp\/v2\/media?parent=27364"}],"wp:term":[{"taxonomy":"product_brand","embeddable":true,"href":"https:\/\/stampcurio.com\/hu\/wp-json\/wp\/v2\/product_brand?post=27364"},{"taxonomy":"product_cat","embeddable":true,"href":"https:\/\/stampcurio.com\/hu\/wp-json\/wp\/v2\/product_cat?post=27364"},{"taxonomy":"product_tag","embeddable":true,"href":"https:\/\/stampcurio.com\/hu\/wp-json\/wp\/v2\/product_tag?post=27364"}],"curies":[{"name":"wp","href":"https:\/\/api.w.org\/{rel}","templated":true}]}}