{"id":27363,"date":"2025-11-24T16:29:14","date_gmt":"2025-11-24T15:29:14","guid":{"rendered":"https:\/\/stampcurio.com\/product\/1871-magyarorszag-25-kr-reznyomatos-belyeg-franciaorszagba-kuldott-kis-meretu-boritekon-tarifahelyesen-felhasznalva\/"},"modified":"2026-01-05T15:12:03","modified_gmt":"2026-01-05T14:12:03","slug":"1871-magyarorszag-25-kr-reznyomatos-belyeg-1874-ben-franciaorszagba-kuldott-kis-meretu-boritekon-tarifahelyesen-felhasznalva-upu-elotti-tarifa-attest-csicsay","status":"publish","type":"product","link":"https:\/\/stampcurio.com\/hu\/termek\/1871-magyarorszag-25-kr-reznyomatos-belyeg-1874-ben-franciaorszagba-kuldott-kis-meretu-boritekon-tarifahelyesen-felhasznalva-upu-elotti-tarifa-attest-csicsay\/","title":{"rendered":"1871 Magyarorsz\u00e1g &#8211; 25 kr r\u00e9znyomatos b\u00e9lyeg 1874-ben Franciaorsz\u00e1gba k\u00fcld\u00f6tt kis m\u00e9ret\u0171 bor\u00edt\u00e9kon, tarifahelyesen felhaszn\u00e1lva &#8211; UPU el\u0151tti tarifa &#8211; Attest Csicsay"},"content":{"rendered":"","protected":false},"excerpt":{"rendered":"","protected":false},"featured_media":28635,"template":"","meta":[],"product_brand":[],"product_cat":[1172],"product_tag":[1669,116,1041,89,1006],"class_list":{"0":"post-27363","1":"product","2":"type-product","3":"status-publish","4":"has-post-thumbnail","6":"product_cat-magyarorszag","7":"product_tag-3rd-auction","8":"product_tag-belyeg","9":"product_tag-marcophily-hu","10":"product_tag-postatortenet","11":"product_tag-unsold","13":"first","14":"instock","15":"sold-individually","16":"shipping-taxable","17":"purchasable","18":"product-type-simple"},"_links":{"self":[{"href":"https:\/\/stampcurio.com\/hu\/wp-json\/wp\/v2\/product\/27363","targetHints":{"allow":["GET"]}}],"collection":[{"href":"https:\/\/stampcurio.com\/hu\/wp-json\/wp\/v2\/product"}],"about":[{"href":"https:\/\/stampcurio.com\/hu\/wp-json\/wp\/v2\/types\/product"}],"wp:featuredmedia":[{"embeddable":true,"href":"https:\/\/stampcurio.com\/hu\/wp-json\/wp\/v2\/media\/28635"}],"wp:attachment":[{"href":"https:\/\/stampcurio.com\/hu\/wp-json\/wp\/v2\/media?parent=27363"}],"wp:term":[{"taxonomy":"product_brand","embeddable":true,"href":"https:\/\/stampcurio.com\/hu\/wp-json\/wp\/v2\/product_brand?post=27363"},{"taxonomy":"product_cat","embeddable":true,"href":"https:\/\/stampcurio.com\/hu\/wp-json\/wp\/v2\/product_cat?post=27363"},{"taxonomy":"product_tag","embeddable":true,"href":"https:\/\/stampcurio.com\/hu\/wp-json\/wp\/v2\/product_tag?post=27363"}],"curies":[{"name":"wp","href":"https:\/\/api.w.org\/{rel}","templated":true}]}}