{"id":27362,"date":"2025-11-24T16:29:14","date_gmt":"2025-11-24T15:29:14","guid":{"rendered":"https:\/\/stampcurio.com\/product\/1919-szlovakia-a-kulvilagtol-elzarva-emlekkartyak-pozsonyba-kuldve-feltehetoleg-mind-schima-bandi-iparmuvesz-alkotasa-woodrow-wilson-kepeslap\/"},"modified":"2026-01-05T15:12:02","modified_gmt":"2026-01-05T14:12:02","slug":"1919-csehszlovakia-magyarorszag-schima-bandi-iparmuvesz-pozsonyi-tartozkodasa-alatt-keszitett-emleklapok","status":"publish","type":"product","link":"https:\/\/stampcurio.com\/hu\/termek\/1919-csehszlovakia-magyarorszag-schima-bandi-iparmuvesz-pozsonyi-tartozkodasa-alatt-keszitett-emleklapok\/","title":{"rendered":"1919 Csehszlov\u00e1kia &#8211; Magyarorsz\u00e1g &#8211; Schima Bandi iparm\u0171v\u00e9sz Pozsonyi tartozkod\u00e1sa alatt k\u00e9sz\u00edtett eml\u00e9klapok"},"content":{"rendered":"","protected":false},"excerpt":{"rendered":"<p>Rajzos futott aj\u00e1nlott k\u00e9peslap, m\u00e9g amikor a Pozsonyligeti posta nyitva volt, majd eml\u00e9klapok azokr\u00f3l a napokr\u00f3l amikor m\u00e1r nem volt Pozsonyba se ki se bej\u00f6v\u0151 postaforgalom. Valamint egy a tan\u00e1csk\u00f6zt\u00e1rsas\u00e1g idej\u00e9b\u0151l Pozsonyba k\u00fcld\u00f6tt bor\u00edt\u00e9k. Rendk\u00edv\u00fcli postat\u00f6rt\u00e9neti \u00e9s t\u00f6rt\u00e9nelmi eml\u00e9kek.<\/p>\n","protected":false},"featured_media":28643,"template":"","meta":[],"product_brand":[],"product_cat":[1238,1172,1189],"product_tag":[1669,116,1332,97,194,89,1006],"class_list":{"0":"post-27362","1":"product","2":"type-product","3":"status-publish","4":"has-post-thumbnail","6":"product_cat-csehorszag","7":"product_cat-magyarorszag","8":"product_cat-szlovakia","9":"product_tag-3rd-auction","10":"product_tag-belyeg","11":"product_tag-helyi-kiadas","12":"product_tag-kepeslap","13":"product_tag-levelzaro","14":"product_tag-postatortenet","15":"product_tag-unsold","17":"first","18":"instock","19":"sold-individually","20":"shipping-taxable","21":"purchasable","22":"product-type-simple"},"_links":{"self":[{"href":"https:\/\/stampcurio.com\/hu\/wp-json\/wp\/v2\/product\/27362","targetHints":{"allow":["GET"]}}],"collection":[{"href":"https:\/\/stampcurio.com\/hu\/wp-json\/wp\/v2\/product"}],"about":[{"href":"https:\/\/stampcurio.com\/hu\/wp-json\/wp\/v2\/types\/product"}],"wp:featuredmedia":[{"embeddable":true,"href":"https:\/\/stampcurio.com\/hu\/wp-json\/wp\/v2\/media\/28643"}],"wp:attachment":[{"href":"https:\/\/stampcurio.com\/hu\/wp-json\/wp\/v2\/media?parent=27362"}],"wp:term":[{"taxonomy":"product_brand","embeddable":true,"href":"https:\/\/stampcurio.com\/hu\/wp-json\/wp\/v2\/product_brand?post=27362"},{"taxonomy":"product_cat","embeddable":true,"href":"https:\/\/stampcurio.com\/hu\/wp-json\/wp\/v2\/product_cat?post=27362"},{"taxonomy":"product_tag","embeddable":true,"href":"https:\/\/stampcurio.com\/hu\/wp-json\/wp\/v2\/product_tag?post=27362"}],"curies":[{"name":"wp","href":"https:\/\/api.w.org\/{rel}","templated":true}]}}