{"id":27361,"date":"2025-11-24T16:29:13","date_gmt":"2025-11-24T15:29:13","guid":{"rendered":"https:\/\/stampcurio.com\/product\/1935-perzsia-legiposta-level-perzsiaba-kuldve-matyasfoldi-reptetessel-matyasfold-repter-belyegzessel-ritka-legiposta-destinacio\/"},"modified":"2025-12-05T04:02:44","modified_gmt":"2025-12-05T03:02:44","slug":"1935-magyarorszag-legiposta-level-perzsiaba-kuldve-matyasfold-repter-belyegzessel-ritka-legiposta-destinacio","status":"publish","type":"product","link":"https:\/\/stampcurio.com\/hu\/termek\/1935-magyarorszag-legiposta-level-perzsiaba-kuldve-matyasfold-repter-belyegzessel-ritka-legiposta-destinacio\/","title":{"rendered":"1935 Magyarorsz\u00e1g &#8211; L\u00e9giposta lev\u00e9l Perzsi\u00e1ba k\u00fcldve M\u00e1ty\u00e1sf\u00f6ld rept\u00e9r b\u00e9lyegz\u00e9ssel \u2013 ritka l\u00e9giposta destin\u00e1ci\u00f3"},"content":{"rendered":"","protected":false},"excerpt":{"rendered":"","protected":false},"featured_media":28687,"template":"","meta":[],"product_brand":[],"product_cat":[1193,1172],"product_tag":[1669,115,89],"class_list":{"0":"post-27361","1":"product","2":"type-product","3":"status-publish","4":"has-post-thumbnail","6":"product_cat-iran","7":"product_cat-magyarorszag","8":"product_tag-3rd-auction","9":"product_tag-legiposta","10":"product_tag-postatortenet","12":"first","13":"outofstock","14":"sold-individually","15":"shipping-taxable","16":"purchasable","17":"product-type-simple"},"_links":{"self":[{"href":"https:\/\/stampcurio.com\/hu\/wp-json\/wp\/v2\/product\/27361","targetHints":{"allow":["GET"]}}],"collection":[{"href":"https:\/\/stampcurio.com\/hu\/wp-json\/wp\/v2\/product"}],"about":[{"href":"https:\/\/stampcurio.com\/hu\/wp-json\/wp\/v2\/types\/product"}],"wp:featuredmedia":[{"embeddable":true,"href":"https:\/\/stampcurio.com\/hu\/wp-json\/wp\/v2\/media\/28687"}],"wp:attachment":[{"href":"https:\/\/stampcurio.com\/hu\/wp-json\/wp\/v2\/media?parent=27361"}],"wp:term":[{"taxonomy":"product_brand","embeddable":true,"href":"https:\/\/stampcurio.com\/hu\/wp-json\/wp\/v2\/product_brand?post=27361"},{"taxonomy":"product_cat","embeddable":true,"href":"https:\/\/stampcurio.com\/hu\/wp-json\/wp\/v2\/product_cat?post=27361"},{"taxonomy":"product_tag","embeddable":true,"href":"https:\/\/stampcurio.com\/hu\/wp-json\/wp\/v2\/product_tag?post=27361"}],"curies":[{"name":"wp","href":"https:\/\/api.w.org\/{rel}","templated":true}]}}