{"id":27359,"date":"2025-11-24T16:29:13","date_gmt":"2025-11-24T15:29:13","guid":{"rendered":"https:\/\/stampcurio.com\/product\/1950-korul-magyarorszag-iranba-kuldott-kuldemenyek-nyomtatvany-level-ajanlott-level-tarifahelyes-koznapi-darabok-ritka-destinaciora\/"},"modified":"2026-01-05T15:12:03","modified_gmt":"2026-01-05T14:12:03","slug":"1950-korul-magyarorszag-iranba-kuldott-kuldemenyek-nyomtatvany-level-ajanlott-level-tarifahelyes-koznapi-darabok-ritka-destinacio","status":"publish","type":"product","link":"https:\/\/stampcurio.com\/hu\/termek\/1950-korul-magyarorszag-iranba-kuldott-kuldemenyek-nyomtatvany-level-ajanlott-level-tarifahelyes-koznapi-darabok-ritka-destinacio\/","title":{"rendered":"1950 k\u00f6r\u00fcl Magyarorsz\u00e1g &#8211; Ir\u00e1nba k\u00fcld\u00f6tt k\u00fcldem\u00e9nyek \u2013 nyomtatv\u00e1ny, lev\u00e9l, aj\u00e1nlott lev\u00e9l \u2013 tarifahelyes k\u00f6znapi darabok, ritka destin\u00e1ci\u00f3"},"content":{"rendered":"","protected":false},"excerpt":{"rendered":"","protected":false},"featured_media":28933,"template":"","meta":[],"product_brand":[],"product_cat":[1193,1172],"product_tag":[1669,89,1006],"class_list":{"0":"post-27359","1":"product","2":"type-product","3":"status-publish","4":"has-post-thumbnail","6":"product_cat-iran","7":"product_cat-magyarorszag","8":"product_tag-3rd-auction","9":"product_tag-postatortenet","10":"product_tag-unsold","12":"first","13":"instock","14":"sold-individually","15":"shipping-taxable","16":"purchasable","17":"product-type-simple"},"_links":{"self":[{"href":"https:\/\/stampcurio.com\/hu\/wp-json\/wp\/v2\/product\/27359","targetHints":{"allow":["GET"]}}],"collection":[{"href":"https:\/\/stampcurio.com\/hu\/wp-json\/wp\/v2\/product"}],"about":[{"href":"https:\/\/stampcurio.com\/hu\/wp-json\/wp\/v2\/types\/product"}],"wp:featuredmedia":[{"embeddable":true,"href":"https:\/\/stampcurio.com\/hu\/wp-json\/wp\/v2\/media\/28933"}],"wp:attachment":[{"href":"https:\/\/stampcurio.com\/hu\/wp-json\/wp\/v2\/media?parent=27359"}],"wp:term":[{"taxonomy":"product_brand","embeddable":true,"href":"https:\/\/stampcurio.com\/hu\/wp-json\/wp\/v2\/product_brand?post=27359"},{"taxonomy":"product_cat","embeddable":true,"href":"https:\/\/stampcurio.com\/hu\/wp-json\/wp\/v2\/product_cat?post=27359"},{"taxonomy":"product_tag","embeddable":true,"href":"https:\/\/stampcurio.com\/hu\/wp-json\/wp\/v2\/product_tag?post=27359"}],"curies":[{"name":"wp","href":"https:\/\/api.w.org\/{rel}","templated":true}]}}