{"id":27358,"date":"2025-11-24T16:29:12","date_gmt":"2025-11-24T15:29:12","guid":{"rendered":"https:\/\/stampcurio.com\/product\/1965-magyarorszag-a-kiadatlan-balaton-belyeg-szinproba-nyomata-viseltes-vizjel-nelkuli-papiron-a-mellette-levo-balaton-belyeg-facsimile\/"},"modified":"2026-01-05T15:12:03","modified_gmt":"2026-01-05T14:12:03","slug":"1965-magyarorszag-a-kiadatlan-balaton-belyeg-szinprobanyomata-negyestombben-viseltes-vizjel-nelkuli-papiron","status":"publish","type":"product","link":"https:\/\/stampcurio.com\/hu\/termek\/1965-magyarorszag-a-kiadatlan-balaton-belyeg-szinprobanyomata-negyestombben-viseltes-vizjel-nelkuli-papiron\/","title":{"rendered":"1965 Magyarorsz\u00e1g &#8211; A kiadatlan Balaton b\u00e9lyeg sz\u00ednpr\u00f3banyomata n\u00e9gyest\u00f6mbben viseltes v\u00edzjel n\u00e9lk\u00fcli pap\u00edron."},"content":{"rendered":"","protected":false},"excerpt":{"rendered":"<p>A balaton b\u00e9lyeg facsimile, csak t\u00e1mp\u00e9ld\u00e1nyk\u00e9nt van bemutatva a pr\u00f3banyomat melett.<\/p>\n","protected":false},"featured_media":33182,"template":"","meta":[],"product_brand":[],"product_cat":[1172],"product_tag":[1669,116,390,1006],"class_list":{"0":"post-27358","1":"product","2":"type-product","3":"status-publish","4":"has-post-thumbnail","6":"product_cat-magyarorszag","7":"product_tag-3rd-auction","8":"product_tag-belyeg","9":"product_tag-probanyomat","10":"product_tag-unsold","12":"first","13":"instock","14":"sold-individually","15":"shipping-taxable","16":"purchasable","17":"product-type-simple"},"_links":{"self":[{"href":"https:\/\/stampcurio.com\/hu\/wp-json\/wp\/v2\/product\/27358","targetHints":{"allow":["GET"]}}],"collection":[{"href":"https:\/\/stampcurio.com\/hu\/wp-json\/wp\/v2\/product"}],"about":[{"href":"https:\/\/stampcurio.com\/hu\/wp-json\/wp\/v2\/types\/product"}],"wp:featuredmedia":[{"embeddable":true,"href":"https:\/\/stampcurio.com\/hu\/wp-json\/wp\/v2\/media\/33182"}],"wp:attachment":[{"href":"https:\/\/stampcurio.com\/hu\/wp-json\/wp\/v2\/media?parent=27358"}],"wp:term":[{"taxonomy":"product_brand","embeddable":true,"href":"https:\/\/stampcurio.com\/hu\/wp-json\/wp\/v2\/product_brand?post=27358"},{"taxonomy":"product_cat","embeddable":true,"href":"https:\/\/stampcurio.com\/hu\/wp-json\/wp\/v2\/product_cat?post=27358"},{"taxonomy":"product_tag","embeddable":true,"href":"https:\/\/stampcurio.com\/hu\/wp-json\/wp\/v2\/product_tag?post=27358"}],"curies":[{"name":"wp","href":"https:\/\/api.w.org\/{rel}","templated":true}]}}