{"id":27357,"date":"2025-11-24T16:29:12","date_gmt":"2025-11-24T15:29:12","guid":{"rendered":"https:\/\/stampcurio.com\/product\/1914-magyarorszag-turul-hadisegely-i-postatiszta-60-filler-had-tevnyomat-a-hadisegely-feliratban-az-i-betu-forditva-kerult\/"},"modified":"2025-12-05T04:02:44","modified_gmt":"2025-12-05T03:02:44","slug":"1914-magyarorszag-turul-hadisegely-i-postatiszta-60-filler-had-tevnyomat-a-hadisegely-feliratban-forditott-i-betuvel","status":"publish","type":"product","link":"https:\/\/stampcurio.com\/hu\/termek\/1914-magyarorszag-turul-hadisegely-i-postatiszta-60-filler-had-tevnyomat-a-hadisegely-feliratban-forditott-i-betuvel\/","title":{"rendered":"1914 Magyarorsz\u00e1g &#8211; Turul Hadiseg\u00e9ly I. postatiszta 60 fill\u00e9r HAD! t\u00e9vnyomat \u2013a hadiseg\u00e9ly feliratban ford\u00edtott i bet\u0171vel"},"content":{"rendered":"","protected":false},"excerpt":{"rendered":"","protected":false},"featured_media":33051,"template":"","meta":[],"product_brand":[],"product_cat":[1172],"product_tag":[1669,116,217],"class_list":{"0":"post-27357","1":"product","2":"type-product","3":"status-publish","4":"has-post-thumbnail","6":"product_cat-magyarorszag","7":"product_tag-3rd-auction","8":"product_tag-belyeg","9":"product_tag-tevnyomat","11":"first","12":"outofstock","13":"sold-individually","14":"shipping-taxable","15":"purchasable","16":"product-type-simple"},"_links":{"self":[{"href":"https:\/\/stampcurio.com\/hu\/wp-json\/wp\/v2\/product\/27357","targetHints":{"allow":["GET"]}}],"collection":[{"href":"https:\/\/stampcurio.com\/hu\/wp-json\/wp\/v2\/product"}],"about":[{"href":"https:\/\/stampcurio.com\/hu\/wp-json\/wp\/v2\/types\/product"}],"wp:featuredmedia":[{"embeddable":true,"href":"https:\/\/stampcurio.com\/hu\/wp-json\/wp\/v2\/media\/33051"}],"wp:attachment":[{"href":"https:\/\/stampcurio.com\/hu\/wp-json\/wp\/v2\/media?parent=27357"}],"wp:term":[{"taxonomy":"product_brand","embeddable":true,"href":"https:\/\/stampcurio.com\/hu\/wp-json\/wp\/v2\/product_brand?post=27357"},{"taxonomy":"product_cat","embeddable":true,"href":"https:\/\/stampcurio.com\/hu\/wp-json\/wp\/v2\/product_cat?post=27357"},{"taxonomy":"product_tag","embeddable":true,"href":"https:\/\/stampcurio.com\/hu\/wp-json\/wp\/v2\/product_tag?post=27357"}],"curies":[{"name":"wp","href":"https:\/\/api.w.org\/{rel}","templated":true}]}}