{"id":27356,"date":"2025-11-24T16:29:11","date_gmt":"2025-11-24T15:29:11","guid":{"rendered":"https:\/\/stampcurio.com\/product\/1867-magyarorszag-5-kr-dijjegyes-kivagas-belyegkent-felhasznalva-sz-fejervar-belyegzessel-ferchenbauer-100-eur\/"},"modified":"2025-12-05T04:02:45","modified_gmt":"2025-12-05T03:02:45","slug":"1867-magyarorszag-5-kr-dijjegyes-kivagas-belyegkent-felhasznalva-sz-fejervar-belyegzessel-ferchenbauer-100-eur","status":"publish","type":"product","link":"https:\/\/stampcurio.com\/hu\/termek\/1867-magyarorszag-5-kr-dijjegyes-kivagas-belyegkent-felhasznalva-sz-fejervar-belyegzessel-ferchenbauer-100-eur\/","title":{"rendered":"1867 Magyarorsz\u00e1g &#8211; 5 kr d\u00edjjegyes kiv\u00e1g\u00e1s b\u00e9lyegk\u00e9nt felhaszn\u00e1lva SZ.FEJ\u00c9RV\u00c1R b\u00e9lyegz\u00e9ssel | Ferchenbauer: 100 EUR"},"content":{"rendered":"","protected":false},"excerpt":{"rendered":"","protected":false},"featured_media":33198,"template":"","meta":[],"product_brand":[],"product_cat":[1178,1172],"product_tag":[1669,116,74,1041,89],"class_list":{"0":"post-27356","1":"product","2":"type-product","3":"status-publish","4":"has-post-thumbnail","6":"product_cat-ausztria","7":"product_cat-magyarorszag","8":"product_tag-3rd-auction","9":"product_tag-belyeg","10":"product_tag-dijjegyes","11":"product_tag-marcophily-hu","12":"product_tag-postatortenet","14":"first","15":"outofstock","16":"sold-individually","17":"shipping-taxable","18":"purchasable","19":"product-type-simple"},"_links":{"self":[{"href":"https:\/\/stampcurio.com\/hu\/wp-json\/wp\/v2\/product\/27356","targetHints":{"allow":["GET"]}}],"collection":[{"href":"https:\/\/stampcurio.com\/hu\/wp-json\/wp\/v2\/product"}],"about":[{"href":"https:\/\/stampcurio.com\/hu\/wp-json\/wp\/v2\/types\/product"}],"wp:featuredmedia":[{"embeddable":true,"href":"https:\/\/stampcurio.com\/hu\/wp-json\/wp\/v2\/media\/33198"}],"wp:attachment":[{"href":"https:\/\/stampcurio.com\/hu\/wp-json\/wp\/v2\/media?parent=27356"}],"wp:term":[{"taxonomy":"product_brand","embeddable":true,"href":"https:\/\/stampcurio.com\/hu\/wp-json\/wp\/v2\/product_brand?post=27356"},{"taxonomy":"product_cat","embeddable":true,"href":"https:\/\/stampcurio.com\/hu\/wp-json\/wp\/v2\/product_cat?post=27356"},{"taxonomy":"product_tag","embeddable":true,"href":"https:\/\/stampcurio.com\/hu\/wp-json\/wp\/v2\/product_tag?post=27356"}],"curies":[{"name":"wp","href":"https:\/\/api.w.org\/{rel}","templated":true}]}}