{"id":27355,"date":"2025-11-24T16:29:11","date_gmt":"2025-11-24T15:29:11","guid":{"rendered":"https:\/\/stampcurio.com\/product\/1919-magyarorszag-koztarsasag-porto-50-filler-dupla-papirranccal\/"},"modified":"2026-01-05T15:12:04","modified_gmt":"2026-01-05T14:12:04","slug":"1919-magyarorszag-koztarsasag-porto-50-filler-dupla-papirranccal","status":"publish","type":"product","link":"https:\/\/stampcurio.com\/hu\/termek\/1919-magyarorszag-koztarsasag-porto-50-filler-dupla-papirranccal\/","title":{"rendered":"1919 Magyarorsz\u00e1g &#8211; K\u00f6zt\u00e1rsas\u00e1g port\u00f3 50 fill\u00e9r dupla pap\u00edrr\u00e1nccal"},"content":{"rendered":"","protected":false},"excerpt":{"rendered":"<p>A nagyobbik pap\u00edrr\u00e1ncn\u00e1l a b\u00e9lyeg elv\u00e1lt, falccal meger\u0151s\u00edtve.<\/p>\n","protected":false},"featured_media":35210,"template":"","meta":[],"product_brand":[],"product_cat":[1172],"product_tag":[1669,116,108,217,1006],"class_list":{"0":"post-27355","1":"product","2":"type-product","3":"status-publish","4":"has-post-thumbnail","6":"product_cat-magyarorszag","7":"product_tag-3rd-auction","8":"product_tag-belyeg","9":"product_tag-porto","10":"product_tag-tevnyomat","11":"product_tag-unsold","13":"first","14":"instock","15":"sold-individually","16":"shipping-taxable","17":"purchasable","18":"product-type-simple"},"_links":{"self":[{"href":"https:\/\/stampcurio.com\/hu\/wp-json\/wp\/v2\/product\/27355","targetHints":{"allow":["GET"]}}],"collection":[{"href":"https:\/\/stampcurio.com\/hu\/wp-json\/wp\/v2\/product"}],"about":[{"href":"https:\/\/stampcurio.com\/hu\/wp-json\/wp\/v2\/types\/product"}],"wp:featuredmedia":[{"embeddable":true,"href":"https:\/\/stampcurio.com\/hu\/wp-json\/wp\/v2\/media\/35210"}],"wp:attachment":[{"href":"https:\/\/stampcurio.com\/hu\/wp-json\/wp\/v2\/media?parent=27355"}],"wp:term":[{"taxonomy":"product_brand","embeddable":true,"href":"https:\/\/stampcurio.com\/hu\/wp-json\/wp\/v2\/product_brand?post=27355"},{"taxonomy":"product_cat","embeddable":true,"href":"https:\/\/stampcurio.com\/hu\/wp-json\/wp\/v2\/product_cat?post=27355"},{"taxonomy":"product_tag","embeddable":true,"href":"https:\/\/stampcurio.com\/hu\/wp-json\/wp\/v2\/product_tag?post=27355"}],"curies":[{"name":"wp","href":"https:\/\/api.w.org\/{rel}","templated":true}]}}