{"id":27353,"date":"2025-11-24T16:29:10","date_gmt":"2025-11-24T15:29:10","guid":{"rendered":"https:\/\/stampcurio.com\/product\/1965-magyarorszag-uit-hatoldalon-fejen-allo-ivszin-atnyomattal\/"},"modified":"2026-01-05T15:12:04","modified_gmt":"2026-01-05T14:12:04","slug":"1965-magyarorszag-uit-hasznalt-belyeg-a-hatoldalon-fejen-allo-ivszin-atnyomattal","status":"publish","type":"product","link":"https:\/\/stampcurio.com\/hu\/termek\/1965-magyarorszag-uit-hasznalt-belyeg-a-hatoldalon-fejen-allo-ivszin-atnyomattal\/","title":{"rendered":"1965 Magyarorsz\u00e1g &#8211; UIT haszn\u00e1lt b\u00e9lyeg, a h\u00e1toldalon fejen \u00e1ll\u00f3 \u00edvsz\u00edn \u00e1tnyomattal"},"content":{"rendered":"","protected":false},"excerpt":{"rendered":"<p>Jobb sarokn\u00e1l elv\u00e9konyod\u00e1s.<\/p>\n","protected":false},"featured_media":32796,"template":"","meta":[],"product_brand":[],"product_cat":[1172],"product_tag":[1669,116,217,1006],"class_list":{"0":"post-27353","1":"product","2":"type-product","3":"status-publish","4":"has-post-thumbnail","6":"product_cat-magyarorszag","7":"product_tag-3rd-auction","8":"product_tag-belyeg","9":"product_tag-tevnyomat","10":"product_tag-unsold","12":"first","13":"instock","14":"sold-individually","15":"shipping-taxable","16":"purchasable","17":"product-type-simple"},"_links":{"self":[{"href":"https:\/\/stampcurio.com\/hu\/wp-json\/wp\/v2\/product\/27353","targetHints":{"allow":["GET"]}}],"collection":[{"href":"https:\/\/stampcurio.com\/hu\/wp-json\/wp\/v2\/product"}],"about":[{"href":"https:\/\/stampcurio.com\/hu\/wp-json\/wp\/v2\/types\/product"}],"wp:featuredmedia":[{"embeddable":true,"href":"https:\/\/stampcurio.com\/hu\/wp-json\/wp\/v2\/media\/32796"}],"wp:attachment":[{"href":"https:\/\/stampcurio.com\/hu\/wp-json\/wp\/v2\/media?parent=27353"}],"wp:term":[{"taxonomy":"product_brand","embeddable":true,"href":"https:\/\/stampcurio.com\/hu\/wp-json\/wp\/v2\/product_brand?post=27353"},{"taxonomy":"product_cat","embeddable":true,"href":"https:\/\/stampcurio.com\/hu\/wp-json\/wp\/v2\/product_cat?post=27353"},{"taxonomy":"product_tag","embeddable":true,"href":"https:\/\/stampcurio.com\/hu\/wp-json\/wp\/v2\/product_tag?post=27353"}],"curies":[{"name":"wp","href":"https:\/\/api.w.org\/{rel}","templated":true}]}}